{"id":66993,"date":"2025-11-11T12:24:45","date_gmt":"2025-11-11T11:24:45","guid":{"rendered":"https:\/\/www.ernstbrunn-apotheke.at\/katalog\/produkt\/koehle-elixier-mariendistel-500-ml\/"},"modified":"2025-12-08T17:55:34","modified_gmt":"2025-12-08T16:55:34","slug":"koehle-elixier-mariendistel-500-ml","status":"publish","type":"product","link":"https:\/\/www.ernstbrunn-apotheke.at\/katalog\/produkt\/koehle-elixier-mariendistel-500-ml\/","title":{"rendered":"Koehle Elixier Mariendistel 500 ml"},"content":{"rendered":"<p>Seit den Anf\u00e4ngen der Kr\u00e4utermanufaktur Koehle vor 30 Jahren forscht das Unternehmen und so entstanden bis heute mehr als 500 verschieden Spezialit\u00e4ten in Form von Elixieren, Tinkturen, Essenzen, Salben und \u00d6len.Bei der Herstellung nutzt Koehle einen g\u00fcltigen Grundsatz, der von Paracelsus gepr\u00e4gt worden ist: Willst du den ganzen Menschen heilen, verwende die ganze Pflanze!\u00e2\u20ac\u0153 Dabei gilt es, alle Inhaltsstoffe der Pflanze in die Kostbarkeiten einflie\u00dfen zu lassen  jetzt mit hohem Rabatt Produkte von Koehle ordern!<\/p>\n","protected":false},"excerpt":{"rendered":"<p>Seit den Anf\u00e4ngen der Kr\u00e4utermanufaktur Koehle vor 30 Jahren forscht das Unternehmen und so entstanden bis heute mehr als 500 verschieden Spezialit\u00e4ten in Form von Elixieren, Tinkturen, Essenzen, Salben und \u00d6len.Bei der Herstellung nutzt Koehle einen g\u00fcltigen Grundsatz, der von Paracelsus gepr\u00e4gt worden ist: Willst du den ganzen Menschen heilen, verwende die ganze Pflanze!\u00e2\u20ac\u0153 Dabei [&hellip;]<\/p>\n","protected":false},"featured_media":66995,"template":"","meta":{"_acf_changed":false},"product_brand":[],"product_cat":[807],"product_tag":[],"class_list":{"0":"post-66993","1":"product","2":"type-product","3":"status-publish","4":"has-post-thumbnail","6":"product_cat-k","7":"pa_packungsgroesse-500ml","9":"first","10":"instock","11":"shipping-taxable","12":"purchasable","13":"product-type-simple"},"acf":[],"_links":{"self":[{"href":"https:\/\/www.ernstbrunn-apotheke.at\/katalog\/wp-json\/wp\/v2\/product\/66993","targetHints":{"allow":["GET"]}}],"collection":[{"href":"https:\/\/www.ernstbrunn-apotheke.at\/katalog\/wp-json\/wp\/v2\/product"}],"about":[{"href":"https:\/\/www.ernstbrunn-apotheke.at\/katalog\/wp-json\/wp\/v2\/types\/product"}],"wp:featuredmedia":[{"embeddable":true,"href":"https:\/\/www.ernstbrunn-apotheke.at\/katalog\/wp-json\/wp\/v2\/media\/66995"}],"wp:attachment":[{"href":"https:\/\/www.ernstbrunn-apotheke.at\/katalog\/wp-json\/wp\/v2\/media?parent=66993"}],"wp:term":[{"taxonomy":"product_brand","embeddable":true,"href":"https:\/\/www.ernstbrunn-apotheke.at\/katalog\/wp-json\/wp\/v2\/product_brand?post=66993"},{"taxonomy":"product_cat","embeddable":true,"href":"https:\/\/www.ernstbrunn-apotheke.at\/katalog\/wp-json\/wp\/v2\/product_cat?post=66993"},{"taxonomy":"product_tag","embeddable":true,"href":"https:\/\/www.ernstbrunn-apotheke.at\/katalog\/wp-json\/wp\/v2\/product_tag?post=66993"}],"curies":[{"name":"wp","href":"https:\/\/api.w.org\/{rel}","templated":true}]}}