{"id":66966,"date":"2025-11-11T12:24:45","date_gmt":"2025-11-11T11:24:45","guid":{"rendered":"https:\/\/www.ernstbrunn-apotheke.at\/katalog\/produkt\/mepitel-netzauflage-one-10-stk-75-x-10-cm\/"},"modified":"2025-12-08T17:55:26","modified_gmt":"2025-12-08T16:55:26","slug":"mepitel-netzauflage-one-10-stk-75-x-10-cm","status":"publish","type":"product","link":"https:\/\/www.ernstbrunn-apotheke.at\/katalog\/produkt\/mepitel-netzauflage-one-10-stk-75-x-10-cm\/","title":{"rendered":"Mepitel Netzauflage One 10 Stk. 7,5 x 10 cm"},"content":{"rendered":"<p>Mepitel kann je nach Zustand der Wunde bis zu 14 Tage lang auf der Haut verbleiben. Dies reduziert einen h\u00e4ufigen Prim\u00e4rverbandwechsel und Kosten k\u00f6nnen minimiert werden. Die Netzstruktur von Mepitel erm\u00f6glicht dem Exsudat, in einen dar\u00fcber liegenden Verband zu gelangen. Dank der Safetac Technologie haftet der Sekund\u00e4rverband nicht an der Wunde, so dass ein atraumatischer Verbandwechsel gew\u00e4hrleistet ist. Die Safetac Technologie versiegelt au\u00dferdem die Wundr\u00e4nder und minimiert so das Mazerationsrisiko der wundumgebenden Haut.<\/p>\n","protected":false},"excerpt":{"rendered":"<p>Mepitel kann je nach Zustand der Wunde bis zu 14 Tage lang auf der Haut verbleiben. Dies reduziert einen h\u00e4ufigen Prim\u00e4rverbandwechsel und Kosten k\u00f6nnen minimiert werden. Die Netzstruktur von Mepitel erm\u00f6glicht dem Exsudat, in einen dar\u00fcber liegenden Verband zu gelangen. Dank der Safetac Technologie haftet der Sekund\u00e4rverband nicht an der Wunde, so dass ein atraumatischer [&hellip;]<\/p>\n","protected":false},"featured_media":66968,"template":"","meta":{"_acf_changed":false},"product_brand":[],"product_cat":[800],"product_tag":[],"class_list":{"0":"post-66966","1":"product","2":"type-product","3":"status-publish","4":"has-post-thumbnail","6":"product_cat-m","7":"pa_packungsgroesse-10-stueck","9":"first","10":"instock","11":"shipping-taxable","12":"purchasable","13":"product-type-simple"},"acf":[],"_links":{"self":[{"href":"https:\/\/www.ernstbrunn-apotheke.at\/katalog\/wp-json\/wp\/v2\/product\/66966","targetHints":{"allow":["GET"]}}],"collection":[{"href":"https:\/\/www.ernstbrunn-apotheke.at\/katalog\/wp-json\/wp\/v2\/product"}],"about":[{"href":"https:\/\/www.ernstbrunn-apotheke.at\/katalog\/wp-json\/wp\/v2\/types\/product"}],"wp:featuredmedia":[{"embeddable":true,"href":"https:\/\/www.ernstbrunn-apotheke.at\/katalog\/wp-json\/wp\/v2\/media\/66968"}],"wp:attachment":[{"href":"https:\/\/www.ernstbrunn-apotheke.at\/katalog\/wp-json\/wp\/v2\/media?parent=66966"}],"wp:term":[{"taxonomy":"product_brand","embeddable":true,"href":"https:\/\/www.ernstbrunn-apotheke.at\/katalog\/wp-json\/wp\/v2\/product_brand?post=66966"},{"taxonomy":"product_cat","embeddable":true,"href":"https:\/\/www.ernstbrunn-apotheke.at\/katalog\/wp-json\/wp\/v2\/product_cat?post=66966"},{"taxonomy":"product_tag","embeddable":true,"href":"https:\/\/www.ernstbrunn-apotheke.at\/katalog\/wp-json\/wp\/v2\/product_tag?post=66966"}],"curies":[{"name":"wp","href":"https:\/\/api.w.org\/{rel}","templated":true}]}}