{"id":66956,"date":"2025-11-11T12:23:35","date_gmt":"2025-11-11T11:23:35","guid":{"rendered":"https:\/\/www.ernstbrunn-apotheke.at\/katalog\/produkt\/acurmin-plus-weichkapseln-180-stk\/"},"modified":"2025-12-08T17:55:25","modified_gmt":"2025-12-08T16:55:25","slug":"acurmin-plus-weichkapseln-180-stk","status":"publish","type":"product","link":"https:\/\/www.ernstbrunn-apotheke.at\/katalog\/produkt\/acurmin-plus-weichkapseln-180-stk\/","title":{"rendered":"Acurmin Plus Weichkapseln 180 Stk."},"content":{"rendered":"<p>Acurmin Plus Weichkapseln 180 Stk. machen Curcumin optimal f\u00fcr den Menschen nutzbar. Curcuma bietet weitreichende Anwendungsm\u00f6glichkeiten, kann jedoch in nativer Form nur schlecht vom K\u00f6rper aufgenommen werden. Die Aufnahmerate bei den Acurmin Plus Kapseln wurde um das 185fache erh\u00f6ht &#8211; somit bieten die Kapseln eine maximale Bioverf\u00fcgbarkeit. Zus\u00e4tzlich wird das Potential des Curcumin und ein aktives Vitamin D3 erg\u00e4nzt. Dieses tr\u00e4gt zur Unterst\u00fctzung des Immunsystems bei<\/p>\n","protected":false},"excerpt":{"rendered":"<p>Acurmin Plus Weichkapseln 180 Stk. machen Curcumin optimal f\u00fcr den Menschen nutzbar. Curcuma bietet weitreichende Anwendungsm\u00f6glichkeiten, kann jedoch in nativer Form nur schlecht vom K\u00f6rper aufgenommen werden. Die Aufnahmerate bei den Acurmin Plus Kapseln wurde um das 185fache erh\u00f6ht &#8211; somit bieten die Kapseln eine maximale Bioverf\u00fcgbarkeit. Zus\u00e4tzlich wird das Potential des Curcumin und ein [&hellip;]<\/p>\n","protected":false},"featured_media":66958,"template":"","meta":{"_acf_changed":false},"product_brand":[],"product_cat":[801],"product_tag":[],"class_list":{"0":"post-66956","1":"product","2":"type-product","3":"status-publish","4":"has-post-thumbnail","6":"product_cat-a","7":"pa_packungsgroesse-180-stueck","9":"first","10":"instock","11":"shipping-taxable","12":"purchasable","13":"product-type-simple"},"acf":[],"_links":{"self":[{"href":"https:\/\/www.ernstbrunn-apotheke.at\/katalog\/wp-json\/wp\/v2\/product\/66956","targetHints":{"allow":["GET"]}}],"collection":[{"href":"https:\/\/www.ernstbrunn-apotheke.at\/katalog\/wp-json\/wp\/v2\/product"}],"about":[{"href":"https:\/\/www.ernstbrunn-apotheke.at\/katalog\/wp-json\/wp\/v2\/types\/product"}],"wp:featuredmedia":[{"embeddable":true,"href":"https:\/\/www.ernstbrunn-apotheke.at\/katalog\/wp-json\/wp\/v2\/media\/66958"}],"wp:attachment":[{"href":"https:\/\/www.ernstbrunn-apotheke.at\/katalog\/wp-json\/wp\/v2\/media?parent=66956"}],"wp:term":[{"taxonomy":"product_brand","embeddable":true,"href":"https:\/\/www.ernstbrunn-apotheke.at\/katalog\/wp-json\/wp\/v2\/product_brand?post=66956"},{"taxonomy":"product_cat","embeddable":true,"href":"https:\/\/www.ernstbrunn-apotheke.at\/katalog\/wp-json\/wp\/v2\/product_cat?post=66956"},{"taxonomy":"product_tag","embeddable":true,"href":"https:\/\/www.ernstbrunn-apotheke.at\/katalog\/wp-json\/wp\/v2\/product_tag?post=66956"}],"curies":[{"name":"wp","href":"https:\/\/api.w.org\/{rel}","templated":true}]}}