{"id":66914,"date":"2025-11-11T12:23:35","date_gmt":"2025-11-11T11:23:35","guid":{"rendered":"https:\/\/www.ernstbrunn-apotheke.at\/katalog\/produkt\/hyaluron-sonnenpflege-lippen-7-ml\/"},"modified":"2025-12-08T17:55:12","modified_gmt":"2025-12-08T16:55:12","slug":"hyaluron-sonnenpflege-lippen-7-ml","status":"publish","type":"product","link":"https:\/\/www.ernstbrunn-apotheke.at\/katalog\/produkt\/hyaluron-sonnenpflege-lippen-7-ml\/","title":{"rendered":"Hyaluron Sonnenpflege Lippen 7 ml"},"content":{"rendered":"<p>Hyaluron Sonnenpflege Lippen 7 ml LSF 50+ bietet einen sehr hohen Schutz f\u00fcr die zarte und sehr empfindliche Lippenpartie. Die Lippenpflege spendet intensive Feuchtigkeit und sch\u00fctzt Ihre Lippen vor der Sonne! Sp\u00fcren Sie Ihre geschmeidigen Lippen und ein nachhaltiges Pflegegef\u00fchl.<\/p>\n","protected":false},"excerpt":{"rendered":"<p>Hyaluron Sonnenpflege Lippen 7 ml LSF 50+ bietet einen sehr hohen Schutz f\u00fcr die zarte und sehr empfindliche Lippenpartie. Die Lippenpflege spendet intensive Feuchtigkeit und sch\u00fctzt Ihre Lippen vor der Sonne! Sp\u00fcren Sie Ihre geschmeidigen Lippen und ein nachhaltiges Pflegegef\u00fchl.<\/p>\n","protected":false},"featured_media":66916,"template":"","meta":{"_acf_changed":false},"product_brand":[],"product_cat":[805],"product_tag":[],"class_list":{"0":"post-66914","1":"product","2":"type-product","3":"status-publish","4":"has-post-thumbnail","6":"product_cat-h","7":"pa_packungsgroesse-7ml","9":"first","10":"instock","11":"shipping-taxable","12":"purchasable","13":"product-type-simple"},"acf":[],"_links":{"self":[{"href":"https:\/\/www.ernstbrunn-apotheke.at\/katalog\/wp-json\/wp\/v2\/product\/66914","targetHints":{"allow":["GET"]}}],"collection":[{"href":"https:\/\/www.ernstbrunn-apotheke.at\/katalog\/wp-json\/wp\/v2\/product"}],"about":[{"href":"https:\/\/www.ernstbrunn-apotheke.at\/katalog\/wp-json\/wp\/v2\/types\/product"}],"wp:featuredmedia":[{"embeddable":true,"href":"https:\/\/www.ernstbrunn-apotheke.at\/katalog\/wp-json\/wp\/v2\/media\/66916"}],"wp:attachment":[{"href":"https:\/\/www.ernstbrunn-apotheke.at\/katalog\/wp-json\/wp\/v2\/media?parent=66914"}],"wp:term":[{"taxonomy":"product_brand","embeddable":true,"href":"https:\/\/www.ernstbrunn-apotheke.at\/katalog\/wp-json\/wp\/v2\/product_brand?post=66914"},{"taxonomy":"product_cat","embeddable":true,"href":"https:\/\/www.ernstbrunn-apotheke.at\/katalog\/wp-json\/wp\/v2\/product_cat?post=66914"},{"taxonomy":"product_tag","embeddable":true,"href":"https:\/\/www.ernstbrunn-apotheke.at\/katalog\/wp-json\/wp\/v2\/product_tag?post=66914"}],"curies":[{"name":"wp","href":"https:\/\/api.w.org\/{rel}","templated":true}]}}