{"id":66883,"date":"2025-11-11T12:22:16","date_gmt":"2025-11-11T11:22:16","guid":{"rendered":"https:\/\/www.ernstbrunn-apotheke.at\/katalog\/produkt\/seewald-entspannungs-komplex-60-stk\/"},"modified":"2025-12-08T17:55:03","modified_gmt":"2025-12-08T16:55:03","slug":"seewald-entspannungs-komplex-60-stk","status":"publish","type":"product","link":"https:\/\/www.ernstbrunn-apotheke.at\/katalog\/produkt\/seewald-entspannungs-komplex-60-stk\/","title":{"rendered":"Seewald Entspannungs Komplex 60 Stk."},"content":{"rendered":"<p>Nahrungserg\u00e4nzungsmittel mit Extrakten aus Lavendel, Baldrian, Melisse und Hopfen sowie mit Passionsblumenkraut, erg\u00e4nzt mit Pantothens\u00e4ure (Vitamin B5) als Beitrag zum normalen Stoffwechsel von Neurotransmittern und Vitamin B6 als Beitrag zur normalen Funktion des Nervensystems und der Psyche.<\/p>\n","protected":false},"excerpt":{"rendered":"<p>Nahrungserg\u00e4nzungsmittel mit Extrakten aus Lavendel, Baldrian, Melisse und Hopfen sowie mit Passionsblumenkraut, erg\u00e4nzt mit Pantothens\u00e4ure (Vitamin B5) als Beitrag zum normalen Stoffwechsel von Neurotransmittern und Vitamin B6 als Beitrag zur normalen Funktion des Nervensystems und der Psyche.<\/p>\n","protected":false},"featured_media":66885,"template":"","meta":{"_acf_changed":false},"product_brand":[1067],"product_cat":[791],"product_tag":[],"class_list":{"0":"post-66883","1":"product","2":"type-product","3":"status-publish","4":"has-post-thumbnail","6":"product_brand-seewald","7":"product_cat-s","8":"pa_packungsgroesse-60-stueck","10":"first","11":"instock","12":"shipping-taxable","13":"purchasable","14":"product-type-simple"},"acf":[],"_links":{"self":[{"href":"https:\/\/www.ernstbrunn-apotheke.at\/katalog\/wp-json\/wp\/v2\/product\/66883","targetHints":{"allow":["GET"]}}],"collection":[{"href":"https:\/\/www.ernstbrunn-apotheke.at\/katalog\/wp-json\/wp\/v2\/product"}],"about":[{"href":"https:\/\/www.ernstbrunn-apotheke.at\/katalog\/wp-json\/wp\/v2\/types\/product"}],"wp:featuredmedia":[{"embeddable":true,"href":"https:\/\/www.ernstbrunn-apotheke.at\/katalog\/wp-json\/wp\/v2\/media\/66885"}],"wp:attachment":[{"href":"https:\/\/www.ernstbrunn-apotheke.at\/katalog\/wp-json\/wp\/v2\/media?parent=66883"}],"wp:term":[{"taxonomy":"product_brand","embeddable":true,"href":"https:\/\/www.ernstbrunn-apotheke.at\/katalog\/wp-json\/wp\/v2\/product_brand?post=66883"},{"taxonomy":"product_cat","embeddable":true,"href":"https:\/\/www.ernstbrunn-apotheke.at\/katalog\/wp-json\/wp\/v2\/product_cat?post=66883"},{"taxonomy":"product_tag","embeddable":true,"href":"https:\/\/www.ernstbrunn-apotheke.at\/katalog\/wp-json\/wp\/v2\/product_tag?post=66883"}],"curies":[{"name":"wp","href":"https:\/\/api.w.org\/{rel}","templated":true}]}}