{"id":66837,"date":"2025-11-11T12:21:08","date_gmt":"2025-11-11T11:21:08","guid":{"rendered":"https:\/\/www.ernstbrunn-apotheke.at\/katalog\/produkt\/colomed-stress-portionsbeutel-28-stk\/"},"modified":"2025-12-08T17:54:51","modified_gmt":"2025-12-08T16:54:51","slug":"colomed-stress-portionsbeutel-28-stk","status":"publish","type":"product","link":"https:\/\/www.ernstbrunn-apotheke.at\/katalog\/produkt\/colomed-stress-portionsbeutel-28-stk\/","title":{"rendered":"Colomed Stress Portionsbeutel 28 Stk."},"content":{"rendered":"<p>Seit 1991 ist Alexander Eckmiller der erfolgreiche Gesch\u00e4ftsf\u00fchrer von ECA-Medical. Durch seine 20-j\u00e4hrigeErfahrung in der Pharma- und Nahrungserg\u00e4nzungsmittelbranche entwickelt er mit seinem jungen dynamischen Team immer wieder neue Gesch\u00e4ftsideen.Mit der weiten Bandbreite von Eigenprodukten und den Produkten der Vertriebspartner erreicht er die h\u00f6chste Qualit\u00e4t und bietet dem Kunden heilende und wirksame Erfolge in der Anwendung der Produkte  alle Produkte von Eca-Medical<\/p>\n","protected":false},"excerpt":{"rendered":"<p>Seit 1991 ist Alexander Eckmiller der erfolgreiche Gesch\u00e4ftsf\u00fchrer von ECA-Medical. Durch seine 20-j\u00e4hrigeErfahrung in der Pharma- und Nahrungserg\u00e4nzungsmittelbranche entwickelt er mit seinem jungen dynamischen Team immer wieder neue Gesch\u00e4ftsideen.Mit der weiten Bandbreite von Eigenprodukten und den Produkten der Vertriebspartner erreicht er die h\u00f6chste Qualit\u00e4t und bietet dem Kunden heilende und wirksame Erfolge in der Anwendung [&hellip;]<\/p>\n","protected":false},"featured_media":66839,"template":"","meta":{"_acf_changed":false},"product_brand":[],"product_cat":[812],"product_tag":[],"class_list":{"0":"post-66837","1":"product","2":"type-product","3":"status-publish","4":"has-post-thumbnail","6":"product_cat-c","7":"pa_packungsgroesse-28-beutel","9":"first","10":"instock","11":"shipping-taxable","12":"purchasable","13":"product-type-simple"},"acf":[],"_links":{"self":[{"href":"https:\/\/www.ernstbrunn-apotheke.at\/katalog\/wp-json\/wp\/v2\/product\/66837","targetHints":{"allow":["GET"]}}],"collection":[{"href":"https:\/\/www.ernstbrunn-apotheke.at\/katalog\/wp-json\/wp\/v2\/product"}],"about":[{"href":"https:\/\/www.ernstbrunn-apotheke.at\/katalog\/wp-json\/wp\/v2\/types\/product"}],"wp:featuredmedia":[{"embeddable":true,"href":"https:\/\/www.ernstbrunn-apotheke.at\/katalog\/wp-json\/wp\/v2\/media\/66839"}],"wp:attachment":[{"href":"https:\/\/www.ernstbrunn-apotheke.at\/katalog\/wp-json\/wp\/v2\/media?parent=66837"}],"wp:term":[{"taxonomy":"product_brand","embeddable":true,"href":"https:\/\/www.ernstbrunn-apotheke.at\/katalog\/wp-json\/wp\/v2\/product_brand?post=66837"},{"taxonomy":"product_cat","embeddable":true,"href":"https:\/\/www.ernstbrunn-apotheke.at\/katalog\/wp-json\/wp\/v2\/product_cat?post=66837"},{"taxonomy":"product_tag","embeddable":true,"href":"https:\/\/www.ernstbrunn-apotheke.at\/katalog\/wp-json\/wp\/v2\/product_tag?post=66837"}],"curies":[{"name":"wp","href":"https:\/\/api.w.org\/{rel}","templated":true}]}}