{"id":66812,"date":"2025-11-11T12:21:08","date_gmt":"2025-11-11T11:21:08","guid":{"rendered":"https:\/\/www.ernstbrunn-apotheke.at\/katalog\/produkt\/bio-naturvital-florian-frauen-power-rotklee-elixier-330ml\/"},"modified":"2025-12-08T17:54:44","modified_gmt":"2025-12-08T16:54:44","slug":"bio-naturvital-florian-frauen-power-rotklee-elixier-330ml","status":"publish","type":"product","link":"https:\/\/www.ernstbrunn-apotheke.at\/katalog\/produkt\/bio-naturvital-florian-frauen-power-rotklee-elixier-330ml\/","title":{"rendered":"Bio Naturvital Florian Frauen-Power Rotklee Elixier 330ml"},"content":{"rendered":"<p>NATURVITAL FRAUEN-POWER ROTKLEE Bio-Kr\u00e4uter-Fr\u00fcchte-Elixier mit der wohlschmeckenden Balance von Kr\u00e4utern, Fr\u00fcchten und Vitaminen, die einen wissenschaftlich belegten Beitrag zu Ihrer Gesundheit leisten: Verringerung von M\u00fcdigkeit und Erm\u00fcdung, F\u00f6rderung eines normalen Energiestoffwechsels, einer normalen Funktion des Immunsystems sowie einer normalen Kollagenbildung der Haut, Schutz der Zellen vor oxidativem Stress.<\/p>\n","protected":false},"excerpt":{"rendered":"<p>NATURVITAL FRAUEN-POWER ROTKLEE Bio-Kr\u00e4uter-Fr\u00fcchte-Elixier mit der wohlschmeckenden Balance von Kr\u00e4utern, Fr\u00fcchten und Vitaminen, die einen wissenschaftlich belegten Beitrag zu Ihrer Gesundheit leisten: Verringerung von M\u00fcdigkeit und Erm\u00fcdung, F\u00f6rderung eines normalen Energiestoffwechsels, einer normalen Funktion des Immunsystems sowie einer normalen Kollagenbildung der Haut, Schutz der Zellen vor oxidativem Stress.<\/p>\n","protected":false},"featured_media":66814,"template":"","meta":{"_acf_changed":false},"product_brand":[],"product_cat":[802],"product_tag":[],"class_list":{"0":"post-66812","1":"product","2":"type-product","3":"status-publish","4":"has-post-thumbnail","6":"product_cat-b","7":"pa_packungsgroesse-330ml","9":"first","10":"instock","11":"shipping-taxable","12":"purchasable","13":"product-type-simple"},"acf":[],"_links":{"self":[{"href":"https:\/\/www.ernstbrunn-apotheke.at\/katalog\/wp-json\/wp\/v2\/product\/66812","targetHints":{"allow":["GET"]}}],"collection":[{"href":"https:\/\/www.ernstbrunn-apotheke.at\/katalog\/wp-json\/wp\/v2\/product"}],"about":[{"href":"https:\/\/www.ernstbrunn-apotheke.at\/katalog\/wp-json\/wp\/v2\/types\/product"}],"wp:featuredmedia":[{"embeddable":true,"href":"https:\/\/www.ernstbrunn-apotheke.at\/katalog\/wp-json\/wp\/v2\/media\/66814"}],"wp:attachment":[{"href":"https:\/\/www.ernstbrunn-apotheke.at\/katalog\/wp-json\/wp\/v2\/media?parent=66812"}],"wp:term":[{"taxonomy":"product_brand","embeddable":true,"href":"https:\/\/www.ernstbrunn-apotheke.at\/katalog\/wp-json\/wp\/v2\/product_brand?post=66812"},{"taxonomy":"product_cat","embeddable":true,"href":"https:\/\/www.ernstbrunn-apotheke.at\/katalog\/wp-json\/wp\/v2\/product_cat?post=66812"},{"taxonomy":"product_tag","embeddable":true,"href":"https:\/\/www.ernstbrunn-apotheke.at\/katalog\/wp-json\/wp\/v2\/product_tag?post=66812"}],"curies":[{"name":"wp","href":"https:\/\/api.w.org\/{rel}","templated":true}]}}