{"id":66726,"date":"2025-11-11T12:19:41","date_gmt":"2025-11-11T11:19:41","guid":{"rendered":"https:\/\/www.ernstbrunn-apotheke.at\/katalog\/produkt\/kneipp-duschbalsam-200-ml-nachtkerze\/"},"modified":"2025-12-08T17:54:13","modified_gmt":"2025-12-08T16:54:13","slug":"kneipp-duschbalsam-200-ml-nachtkerze","status":"publish","type":"product","link":"https:\/\/www.ernstbrunn-apotheke.at\/katalog\/produkt\/kneipp-duschbalsam-200-ml-nachtkerze\/","title":{"rendered":"Kneipp Duschbalsam 200 ml Nachtkerze"},"content":{"rendered":"<p>Der milde, feuchtigkeitsspendende und r\u00fcckfettende Duschbalsam ist die ideale Pflege f\u00fcr sehr trockene Haut bis hin zu Neurodermitis. Er bewahrt die nat\u00fcrliche Barrierefunktion der Haut, sch\u00fctzt langanhaltend vor Austrocknung und tr\u00e4gt zu einer Verbesserung des Hautgef\u00fchls bei.<\/p>\n","protected":false},"excerpt":{"rendered":"<p>Der milde, feuchtigkeitsspendende und r\u00fcckfettende Duschbalsam ist die ideale Pflege f\u00fcr sehr trockene Haut bis hin zu Neurodermitis. Er bewahrt die nat\u00fcrliche Barrierefunktion der Haut, sch\u00fctzt langanhaltend vor Austrocknung und tr\u00e4gt zu einer Verbesserung des Hautgef\u00fchls bei.<\/p>\n","protected":false},"featured_media":66728,"template":"","meta":{"_acf_changed":false},"product_brand":[662],"product_cat":[807],"product_tag":[],"class_list":{"0":"post-66726","1":"product","2":"type-product","3":"status-publish","4":"has-post-thumbnail","6":"product_brand-kneipp","7":"product_cat-k","8":"pa_packungsgroesse-200ml","10":"first","11":"instock","12":"shipping-taxable","13":"purchasable","14":"product-type-simple"},"acf":[],"_links":{"self":[{"href":"https:\/\/www.ernstbrunn-apotheke.at\/katalog\/wp-json\/wp\/v2\/product\/66726","targetHints":{"allow":["GET"]}}],"collection":[{"href":"https:\/\/www.ernstbrunn-apotheke.at\/katalog\/wp-json\/wp\/v2\/product"}],"about":[{"href":"https:\/\/www.ernstbrunn-apotheke.at\/katalog\/wp-json\/wp\/v2\/types\/product"}],"wp:featuredmedia":[{"embeddable":true,"href":"https:\/\/www.ernstbrunn-apotheke.at\/katalog\/wp-json\/wp\/v2\/media\/66728"}],"wp:attachment":[{"href":"https:\/\/www.ernstbrunn-apotheke.at\/katalog\/wp-json\/wp\/v2\/media?parent=66726"}],"wp:term":[{"taxonomy":"product_brand","embeddable":true,"href":"https:\/\/www.ernstbrunn-apotheke.at\/katalog\/wp-json\/wp\/v2\/product_brand?post=66726"},{"taxonomy":"product_cat","embeddable":true,"href":"https:\/\/www.ernstbrunn-apotheke.at\/katalog\/wp-json\/wp\/v2\/product_cat?post=66726"},{"taxonomy":"product_tag","embeddable":true,"href":"https:\/\/www.ernstbrunn-apotheke.at\/katalog\/wp-json\/wp\/v2\/product_tag?post=66726"}],"curies":[{"name":"wp","href":"https:\/\/api.w.org\/{rel}","templated":true}]}}