{"id":66684,"date":"2025-11-11T12:18:50","date_gmt":"2025-11-11T11:18:50","guid":{"rendered":"https:\/\/www.ernstbrunn-apotheke.at\/katalog\/produkt\/chaga-pulver-145-g\/"},"modified":"2025-12-08T17:53:59","modified_gmt":"2025-12-08T16:53:59","slug":"chaga-pulver-145-g","status":"publish","type":"product","link":"https:\/\/www.ernstbrunn-apotheke.at\/katalog\/produkt\/chaga-pulver-145-g\/","title":{"rendered":"Chaga Pulver 145 g"},"content":{"rendered":"<p>Chaga Pulver ist ein hochwertiges Monopulver, welches eine sehr wichtige Mineralstoffkombination enth\u00e4lt. Magnesium, Kalium und Kupfer sorgen daf\u00fcr, dass unser Blut reibungslos in unserem K\u00f6rper zirkulieren kann<\/p>\n","protected":false},"excerpt":{"rendered":"<p>Chaga Pulver ist ein hochwertiges Monopulver, welches eine sehr wichtige Mineralstoffkombination enth\u00e4lt. Magnesium, Kalium und Kupfer sorgen daf\u00fcr, dass unser Blut reibungslos in unserem K\u00f6rper zirkulieren kann<\/p>\n","protected":false},"featured_media":66686,"template":"","meta":{"_acf_changed":false},"product_brand":[],"product_cat":[812],"product_tag":[],"class_list":{"0":"post-66684","1":"product","2":"type-product","3":"status-publish","4":"has-post-thumbnail","6":"product_cat-c","7":"pa_packungsgroesse-145g","9":"first","10":"instock","11":"shipping-taxable","12":"purchasable","13":"product-type-simple"},"acf":[],"_links":{"self":[{"href":"https:\/\/www.ernstbrunn-apotheke.at\/katalog\/wp-json\/wp\/v2\/product\/66684","targetHints":{"allow":["GET"]}}],"collection":[{"href":"https:\/\/www.ernstbrunn-apotheke.at\/katalog\/wp-json\/wp\/v2\/product"}],"about":[{"href":"https:\/\/www.ernstbrunn-apotheke.at\/katalog\/wp-json\/wp\/v2\/types\/product"}],"wp:featuredmedia":[{"embeddable":true,"href":"https:\/\/www.ernstbrunn-apotheke.at\/katalog\/wp-json\/wp\/v2\/media\/66686"}],"wp:attachment":[{"href":"https:\/\/www.ernstbrunn-apotheke.at\/katalog\/wp-json\/wp\/v2\/media?parent=66684"}],"wp:term":[{"taxonomy":"product_brand","embeddable":true,"href":"https:\/\/www.ernstbrunn-apotheke.at\/katalog\/wp-json\/wp\/v2\/product_brand?post=66684"},{"taxonomy":"product_cat","embeddable":true,"href":"https:\/\/www.ernstbrunn-apotheke.at\/katalog\/wp-json\/wp\/v2\/product_cat?post=66684"},{"taxonomy":"product_tag","embeddable":true,"href":"https:\/\/www.ernstbrunn-apotheke.at\/katalog\/wp-json\/wp\/v2\/product_tag?post=66684"}],"curies":[{"name":"wp","href":"https:\/\/api.w.org\/{rel}","templated":true}]}}