{"id":66648,"date":"2025-11-11T12:18:13","date_gmt":"2025-11-11T11:18:13","guid":{"rendered":"https:\/\/www.ernstbrunn-apotheke.at\/katalog\/produkt\/ensure-plus-tetra-27-stk-vanille\/"},"modified":"2025-12-08T17:53:42","modified_gmt":"2025-12-08T16:53:42","slug":"ensure-plus-tetra-27-stk-vanille","status":"publish","type":"product","link":"https:\/\/www.ernstbrunn-apotheke.at\/katalog\/produkt\/ensure-plus-tetra-27-stk-vanille\/","title":{"rendered":"Ensure Plus Tetra 27 Stk. Vanille"},"content":{"rendered":"<p>Ensure Plus Tetra ist eine hochkalorische Trinknahrung ohne di\u00e4tetische Ballaststoffe mit milchigem Charakter. Der Drink bietet eine abwechslungsreiche und effektive M\u00f6glichkeit, die gew\u00fcnschte N\u00e4hrstoffversorgung zu gew\u00e4hrleisten oder wiederherzustellen. Er ist zudem frei von Ballaststoffen und deshalb zur pr\u00e4- und postoperativen Ern\u00e4hrung geeignet.<\/p>\n","protected":false},"excerpt":{"rendered":"<p>Ensure Plus Tetra ist eine hochkalorische Trinknahrung ohne di\u00e4tetische Ballaststoffe mit milchigem Charakter. Der Drink bietet eine abwechslungsreiche und effektive M\u00f6glichkeit, die gew\u00fcnschte N\u00e4hrstoffversorgung zu gew\u00e4hrleisten oder wiederherzustellen. Er ist zudem frei von Ballaststoffen und deshalb zur pr\u00e4- und postoperativen Ern\u00e4hrung geeignet.<\/p>\n","protected":false},"featured_media":0,"template":"","meta":{"_acf_changed":false},"product_brand":[],"product_cat":[794],"product_tag":[],"class_list":{"0":"post-66648","1":"product","2":"type-product","3":"status-publish","5":"product_cat-e","6":"pa_packungsgroesse-24-stueck","8":"first","9":"instock","10":"shipping-taxable","11":"purchasable","12":"product-type-simple"},"acf":[],"_links":{"self":[{"href":"https:\/\/www.ernstbrunn-apotheke.at\/katalog\/wp-json\/wp\/v2\/product\/66648","targetHints":{"allow":["GET"]}}],"collection":[{"href":"https:\/\/www.ernstbrunn-apotheke.at\/katalog\/wp-json\/wp\/v2\/product"}],"about":[{"href":"https:\/\/www.ernstbrunn-apotheke.at\/katalog\/wp-json\/wp\/v2\/types\/product"}],"wp:attachment":[{"href":"https:\/\/www.ernstbrunn-apotheke.at\/katalog\/wp-json\/wp\/v2\/media?parent=66648"}],"wp:term":[{"taxonomy":"product_brand","embeddable":true,"href":"https:\/\/www.ernstbrunn-apotheke.at\/katalog\/wp-json\/wp\/v2\/product_brand?post=66648"},{"taxonomy":"product_cat","embeddable":true,"href":"https:\/\/www.ernstbrunn-apotheke.at\/katalog\/wp-json\/wp\/v2\/product_cat?post=66648"},{"taxonomy":"product_tag","embeddable":true,"href":"https:\/\/www.ernstbrunn-apotheke.at\/katalog\/wp-json\/wp\/v2\/product_tag?post=66648"}],"curies":[{"name":"wp","href":"https:\/\/api.w.org\/{rel}","templated":true}]}}