{"id":66589,"date":"2025-11-11T12:17:02","date_gmt":"2025-11-11T11:17:02","guid":{"rendered":"https:\/\/www.ernstbrunn-apotheke.at\/katalog\/produkt\/d-mannose-500-mg-kapseln-90-stk\/"},"modified":"2025-12-08T17:53:19","modified_gmt":"2025-12-08T16:53:19","slug":"d-mannose-500-mg-kapseln-90-stk","status":"publish","type":"product","link":"https:\/\/www.ernstbrunn-apotheke.at\/katalog\/produkt\/d-mannose-500-mg-kapseln-90-stk\/","title":{"rendered":"D-Mannose 500 mg Kapseln 90 Stk."},"content":{"rendered":"<p>D-Mannose ist ein Einfachzucker, der als weisses Pulver mit einem s\u00fcssen Geschmack vorliegt und in Wasser leicht l\u00f6slich ist. Unser D-Mannose Pulver ist zu 100 % nat\u00fcrlich.<\/p>\n","protected":false},"excerpt":{"rendered":"<p>D-Mannose ist ein Einfachzucker, der als weisses Pulver mit einem s\u00fcssen Geschmack vorliegt und in Wasser leicht l\u00f6slich ist. Unser D-Mannose Pulver ist zu 100 % nat\u00fcrlich.<\/p>\n","protected":false},"featured_media":66591,"template":"","meta":{"_acf_changed":false},"product_brand":[],"product_cat":[792],"product_tag":[],"class_list":{"0":"post-66589","1":"product","2":"type-product","3":"status-publish","4":"has-post-thumbnail","6":"product_cat-d","7":"pa_packungsgroesse-90-stueck","9":"first","10":"instock","11":"shipping-taxable","12":"purchasable","13":"product-type-simple"},"acf":[],"_links":{"self":[{"href":"https:\/\/www.ernstbrunn-apotheke.at\/katalog\/wp-json\/wp\/v2\/product\/66589","targetHints":{"allow":["GET"]}}],"collection":[{"href":"https:\/\/www.ernstbrunn-apotheke.at\/katalog\/wp-json\/wp\/v2\/product"}],"about":[{"href":"https:\/\/www.ernstbrunn-apotheke.at\/katalog\/wp-json\/wp\/v2\/types\/product"}],"wp:featuredmedia":[{"embeddable":true,"href":"https:\/\/www.ernstbrunn-apotheke.at\/katalog\/wp-json\/wp\/v2\/media\/66591"}],"wp:attachment":[{"href":"https:\/\/www.ernstbrunn-apotheke.at\/katalog\/wp-json\/wp\/v2\/media?parent=66589"}],"wp:term":[{"taxonomy":"product_brand","embeddable":true,"href":"https:\/\/www.ernstbrunn-apotheke.at\/katalog\/wp-json\/wp\/v2\/product_brand?post=66589"},{"taxonomy":"product_cat","embeddable":true,"href":"https:\/\/www.ernstbrunn-apotheke.at\/katalog\/wp-json\/wp\/v2\/product_cat?post=66589"},{"taxonomy":"product_tag","embeddable":true,"href":"https:\/\/www.ernstbrunn-apotheke.at\/katalog\/wp-json\/wp\/v2\/product_tag?post=66589"}],"curies":[{"name":"wp","href":"https:\/\/api.w.org\/{rel}","templated":true}]}}