{"id":66535,"date":"2025-11-11T12:16:05","date_gmt":"2025-11-11T11:16:05","guid":{"rendered":"https:\/\/www.ernstbrunn-apotheke.at\/katalog\/produkt\/allgaeuer-latschenkiefer-knie-spezialsalbe-50-ml\/"},"modified":"2025-12-08T17:53:04","modified_gmt":"2025-12-08T16:53:04","slug":"allgaeuer-latschenkiefer-knie-spezialsalbe-50-ml","status":"publish","type":"product","link":"https:\/\/www.ernstbrunn-apotheke.at\/katalog\/produkt\/allgaeuer-latschenkiefer-knie-spezialsalbe-50-ml\/","title":{"rendered":"Allg\u00e4uer Latschenkiefer Knie Spezialsalbe 50 ml"},"content":{"rendered":"<p>Allg\u00e4uer Latschenkiefer Knie Spezialsalbe 50 ml pflegt und entspannt strapazierte Knie. Sie wirkt besonders wohltuend im Rahmen einer Massage. Zusammen mit der Allg\u00e4uer W\u00e4rmeformel, Original Allg\u00e4uer Latschenkiefern\u00f6l, pflegendem Panthenol und Allantoin wird die Erleichterung sp\u00fcrbar &#8211; jetzt online bestellen und versandkostenfreie* Lieferung nutzen!<\/p>\n","protected":false},"excerpt":{"rendered":"<p>Allg\u00e4uer Latschenkiefer Knie Spezialsalbe 50 ml pflegt und entspannt strapazierte Knie. Sie wirkt besonders wohltuend im Rahmen einer Massage. Zusammen mit der Allg\u00e4uer W\u00e4rmeformel, Original Allg\u00e4uer Latschenkiefern\u00f6l, pflegendem Panthenol und Allantoin wird die Erleichterung sp\u00fcrbar &#8211; jetzt online bestellen und versandkostenfreie* Lieferung nutzen!<\/p>\n","protected":false},"featured_media":66537,"template":"","meta":{"_acf_changed":false},"product_brand":[744],"product_cat":[801],"product_tag":[],"class_list":{"0":"post-66535","1":"product","2":"type-product","3":"status-publish","4":"has-post-thumbnail","6":"product_brand-allgaeuer-latschenkiefer","7":"product_cat-a","8":"pa_packungsgroesse-50ml","10":"first","11":"instock","12":"shipping-taxable","13":"purchasable","14":"product-type-simple"},"acf":[],"_links":{"self":[{"href":"https:\/\/www.ernstbrunn-apotheke.at\/katalog\/wp-json\/wp\/v2\/product\/66535","targetHints":{"allow":["GET"]}}],"collection":[{"href":"https:\/\/www.ernstbrunn-apotheke.at\/katalog\/wp-json\/wp\/v2\/product"}],"about":[{"href":"https:\/\/www.ernstbrunn-apotheke.at\/katalog\/wp-json\/wp\/v2\/types\/product"}],"wp:featuredmedia":[{"embeddable":true,"href":"https:\/\/www.ernstbrunn-apotheke.at\/katalog\/wp-json\/wp\/v2\/media\/66537"}],"wp:attachment":[{"href":"https:\/\/www.ernstbrunn-apotheke.at\/katalog\/wp-json\/wp\/v2\/media?parent=66535"}],"wp:term":[{"taxonomy":"product_brand","embeddable":true,"href":"https:\/\/www.ernstbrunn-apotheke.at\/katalog\/wp-json\/wp\/v2\/product_brand?post=66535"},{"taxonomy":"product_cat","embeddable":true,"href":"https:\/\/www.ernstbrunn-apotheke.at\/katalog\/wp-json\/wp\/v2\/product_cat?post=66535"},{"taxonomy":"product_tag","embeddable":true,"href":"https:\/\/www.ernstbrunn-apotheke.at\/katalog\/wp-json\/wp\/v2\/product_tag?post=66535"}],"curies":[{"name":"wp","href":"https:\/\/api.w.org\/{rel}","templated":true}]}}