{"id":66523,"date":"2025-11-11T12:16:05","date_gmt":"2025-11-11T11:16:05","guid":{"rendered":"https:\/\/www.ernstbrunn-apotheke.at\/katalog\/produkt\/allergika-hydrolotion-sensitiv-500-ml\/"},"modified":"2025-12-08T17:53:01","modified_gmt":"2025-12-08T16:53:01","slug":"allergika-hydrolotion-sensitiv-500-ml","status":"publish","type":"product","link":"https:\/\/www.ernstbrunn-apotheke.at\/katalog\/produkt\/allergika-hydrolotion-sensitiv-500-ml\/","title":{"rendered":"Allergika Hydrolotion Sensitiv 500 ml"},"content":{"rendered":"<p>Allergika Hydrolotion Sensitiv ist eine schnell einziehende, leicht k\u00fchlende K\u00f6rperlotion. Eine Wirkstoffkombinationaus Glycerin und Polidocanol lindert schnell akuten Juckreiz und spendet intensiv Feuchtigkeit. Sorgf\u00e4ltig ausgew\u00e4hlte Inhaltsstoffe garantieren eine hervorragende Hautvertr\u00e4glichkeit auch bei sehr empfindlicher Haut. Ideal zur Basispflege bei juckenden Hauterkrankungen. Diese Lotion erhalten Sie in den Packungsgr\u00f6\u00dfen 200 ml und 500 ml.<\/p>\n","protected":false},"excerpt":{"rendered":"<p>Allergika Hydrolotion Sensitiv ist eine schnell einziehende, leicht k\u00fchlende K\u00f6rperlotion. Eine Wirkstoffkombinationaus Glycerin und Polidocanol lindert schnell akuten Juckreiz und spendet intensiv Feuchtigkeit. Sorgf\u00e4ltig ausgew\u00e4hlte Inhaltsstoffe garantieren eine hervorragende Hautvertr\u00e4glichkeit auch bei sehr empfindlicher Haut. Ideal zur Basispflege bei juckenden Hauterkrankungen. Diese Lotion erhalten Sie in den Packungsgr\u00f6\u00dfen 200 ml und 500 ml.<\/p>\n","protected":false},"featured_media":0,"template":"","meta":{"_acf_changed":false},"product_brand":[396],"product_cat":[801],"product_tag":[],"class_list":{"0":"post-66523","1":"product","2":"type-product","3":"status-publish","5":"product_brand-allergika","6":"product_cat-a","7":"pa_packungsgroesse-500ml","9":"first","10":"instock","11":"shipping-taxable","12":"purchasable","13":"product-type-simple"},"acf":[],"_links":{"self":[{"href":"https:\/\/www.ernstbrunn-apotheke.at\/katalog\/wp-json\/wp\/v2\/product\/66523","targetHints":{"allow":["GET"]}}],"collection":[{"href":"https:\/\/www.ernstbrunn-apotheke.at\/katalog\/wp-json\/wp\/v2\/product"}],"about":[{"href":"https:\/\/www.ernstbrunn-apotheke.at\/katalog\/wp-json\/wp\/v2\/types\/product"}],"wp:attachment":[{"href":"https:\/\/www.ernstbrunn-apotheke.at\/katalog\/wp-json\/wp\/v2\/media?parent=66523"}],"wp:term":[{"taxonomy":"product_brand","embeddable":true,"href":"https:\/\/www.ernstbrunn-apotheke.at\/katalog\/wp-json\/wp\/v2\/product_brand?post=66523"},{"taxonomy":"product_cat","embeddable":true,"href":"https:\/\/www.ernstbrunn-apotheke.at\/katalog\/wp-json\/wp\/v2\/product_cat?post=66523"},{"taxonomy":"product_tag","embeddable":true,"href":"https:\/\/www.ernstbrunn-apotheke.at\/katalog\/wp-json\/wp\/v2\/product_tag?post=66523"}],"curies":[{"name":"wp","href":"https:\/\/api.w.org\/{rel}","templated":true}]}}