{"id":66460,"date":"2025-11-11T12:14:37","date_gmt":"2025-11-11T11:14:37","guid":{"rendered":"https:\/\/www.ernstbrunn-apotheke.at\/katalog\/produkt\/seewald-gute-nacht-tropfen-kraeuterelixier-50-ml\/"},"modified":"2025-12-08T17:52:39","modified_gmt":"2025-12-08T16:52:39","slug":"seewald-gute-nacht-tropfen-kraeuterelixier-50-ml","status":"publish","type":"product","link":"https:\/\/www.ernstbrunn-apotheke.at\/katalog\/produkt\/seewald-gute-nacht-tropfen-kraeuterelixier-50-ml\/","title":{"rendered":"SEEWALD Gute-Nacht-Tropfen Kr\u00e4uterelixier 50 ml"},"content":{"rendered":"<p>Die bes\u00e4nftigende Melisse mit ihrem zitronigen Duft vermittelt Gelassenheit. Denkt man an die zarten rosa Bl\u00fcten des Baldrians ist schnell nachvollziehbar, dass er Stille und Ruhe in die Gedanken einkehren l\u00e4sst. Haferbl\u00fcte, hellgr\u00fcn leuchtend wenn sich die Halme im Wind bewegen, unterst\u00fctzt Ausgeglichenheit. Hopfen, bestrebt sich hoch ins Licht zu ranken, bringt Leichtigkeit und Fr\u00f6hlichkeit. Johanniskraut entfaltet seine wohltuenden Eigenschaften wie die Kraft des Sonnenlichts.<\/p>\n","protected":false},"excerpt":{"rendered":"<p>Die bes\u00e4nftigende Melisse mit ihrem zitronigen Duft vermittelt Gelassenheit. Denkt man an die zarten rosa Bl\u00fcten des Baldrians ist schnell nachvollziehbar, dass er Stille und Ruhe in die Gedanken einkehren l\u00e4sst. Haferbl\u00fcte, hellgr\u00fcn leuchtend wenn sich die Halme im Wind bewegen, unterst\u00fctzt Ausgeglichenheit. Hopfen, bestrebt sich hoch ins Licht zu ranken, bringt Leichtigkeit und Fr\u00f6hlichkeit. [&hellip;]<\/p>\n","protected":false},"featured_media":66462,"template":"","meta":{"_acf_changed":false},"product_brand":[1067],"product_cat":[791],"product_tag":[],"class_list":{"0":"post-66460","1":"product","2":"type-product","3":"status-publish","4":"has-post-thumbnail","6":"product_brand-seewald","7":"product_cat-s","8":"pa_packungsgroesse-50ml","10":"first","11":"instock","12":"shipping-taxable","13":"purchasable","14":"product-type-simple"},"acf":[],"_links":{"self":[{"href":"https:\/\/www.ernstbrunn-apotheke.at\/katalog\/wp-json\/wp\/v2\/product\/66460","targetHints":{"allow":["GET"]}}],"collection":[{"href":"https:\/\/www.ernstbrunn-apotheke.at\/katalog\/wp-json\/wp\/v2\/product"}],"about":[{"href":"https:\/\/www.ernstbrunn-apotheke.at\/katalog\/wp-json\/wp\/v2\/types\/product"}],"wp:featuredmedia":[{"embeddable":true,"href":"https:\/\/www.ernstbrunn-apotheke.at\/katalog\/wp-json\/wp\/v2\/media\/66462"}],"wp:attachment":[{"href":"https:\/\/www.ernstbrunn-apotheke.at\/katalog\/wp-json\/wp\/v2\/media?parent=66460"}],"wp:term":[{"taxonomy":"product_brand","embeddable":true,"href":"https:\/\/www.ernstbrunn-apotheke.at\/katalog\/wp-json\/wp\/v2\/product_brand?post=66460"},{"taxonomy":"product_cat","embeddable":true,"href":"https:\/\/www.ernstbrunn-apotheke.at\/katalog\/wp-json\/wp\/v2\/product_cat?post=66460"},{"taxonomy":"product_tag","embeddable":true,"href":"https:\/\/www.ernstbrunn-apotheke.at\/katalog\/wp-json\/wp\/v2\/product_tag?post=66460"}],"curies":[{"name":"wp","href":"https:\/\/api.w.org\/{rel}","templated":true}]}}