{"id":66450,"date":"2025-11-11T12:14:37","date_gmt":"2025-11-11T11:14:37","guid":{"rendered":"https:\/\/www.ernstbrunn-apotheke.at\/katalog\/produkt\/lactobact-pulver-hlh-junior-60-g\/"},"modified":"2025-12-08T17:52:34","modified_gmt":"2025-12-08T16:52:34","slug":"lactobact-pulver-hlh-junior-60-g","status":"publish","type":"product","link":"https:\/\/www.ernstbrunn-apotheke.at\/katalog\/produkt\/lactobact-pulver-hlh-junior-60-g\/","title":{"rendered":"Lactobact Pulver HLH Junior 60 g"},"content":{"rendered":"<p>Hlh Biopharma ist ein mittelst\u00e4ndisches Unternehmen im Gesundheitsbereich mit \u00fcber 20 j\u00e4hriger Firmengeschichte, das national und international ausgerichtet ist. Den Kunen wird hohe Produktqualit\u00e4t im Bereich Darmgesundheit mit h\u00f6chster Kompetenz und h\u00f6chstem Engagement geboten.<\/p>\n","protected":false},"excerpt":{"rendered":"<p>Hlh Biopharma ist ein mittelst\u00e4ndisches Unternehmen im Gesundheitsbereich mit \u00fcber 20 j\u00e4hriger Firmengeschichte, das national und international ausgerichtet ist. Den Kunen wird hohe Produktqualit\u00e4t im Bereich Darmgesundheit mit h\u00f6chster Kompetenz und h\u00f6chstem Engagement geboten.<\/p>\n","protected":false},"featured_media":66452,"template":"","meta":{"_acf_changed":false},"product_brand":[],"product_cat":[795],"product_tag":[],"class_list":{"0":"post-66450","1":"product","2":"type-product","3":"status-publish","4":"has-post-thumbnail","6":"product_cat-l","7":"pa_packungsgroesse-60g","9":"first","10":"instock","11":"shipping-taxable","12":"purchasable","13":"product-type-simple"},"acf":[],"_links":{"self":[{"href":"https:\/\/www.ernstbrunn-apotheke.at\/katalog\/wp-json\/wp\/v2\/product\/66450","targetHints":{"allow":["GET"]}}],"collection":[{"href":"https:\/\/www.ernstbrunn-apotheke.at\/katalog\/wp-json\/wp\/v2\/product"}],"about":[{"href":"https:\/\/www.ernstbrunn-apotheke.at\/katalog\/wp-json\/wp\/v2\/types\/product"}],"wp:featuredmedia":[{"embeddable":true,"href":"https:\/\/www.ernstbrunn-apotheke.at\/katalog\/wp-json\/wp\/v2\/media\/66452"}],"wp:attachment":[{"href":"https:\/\/www.ernstbrunn-apotheke.at\/katalog\/wp-json\/wp\/v2\/media?parent=66450"}],"wp:term":[{"taxonomy":"product_brand","embeddable":true,"href":"https:\/\/www.ernstbrunn-apotheke.at\/katalog\/wp-json\/wp\/v2\/product_brand?post=66450"},{"taxonomy":"product_cat","embeddable":true,"href":"https:\/\/www.ernstbrunn-apotheke.at\/katalog\/wp-json\/wp\/v2\/product_cat?post=66450"},{"taxonomy":"product_tag","embeddable":true,"href":"https:\/\/www.ernstbrunn-apotheke.at\/katalog\/wp-json\/wp\/v2\/product_tag?post=66450"}],"curies":[{"name":"wp","href":"https:\/\/api.w.org\/{rel}","templated":true}]}}