{"id":66436,"date":"2025-11-11T12:13:32","date_gmt":"2025-11-11T11:13:32","guid":{"rendered":"https:\/\/www.ernstbrunn-apotheke.at\/katalog\/produkt\/tena-inkontinenz-slip-plus-30-stk-large\/"},"modified":"2025-12-08T17:52:27","modified_gmt":"2025-12-08T16:52:27","slug":"tena-inkontinenz-slip-plus-30-stk-large","status":"publish","type":"product","link":"https:\/\/www.ernstbrunn-apotheke.at\/katalog\/produkt\/tena-inkontinenz-slip-plus-30-stk-large\/","title":{"rendered":"Tena Inkontinenz Slip Plus 30 Stk. Large"},"content":{"rendered":"<p>Tena Inkontinenz Slip Plus mit ConfioAir ist komplett atmungsaktiv, dermatologisch getestet und sorgt somit f\u00fcr gesunde Haut. Der schnell wirkende Kern des Inkontinenzprodukts mit zus\u00e4tzlicher Saugst\u00e4rke bietet hohen Schutz f\u00fcr Ihre Angeh\u00f6rigen.<\/p>\n","protected":false},"excerpt":{"rendered":"<p>Tena Inkontinenz Slip Plus mit ConfioAir ist komplett atmungsaktiv, dermatologisch getestet und sorgt somit f\u00fcr gesunde Haut. Der schnell wirkende Kern des Inkontinenzprodukts mit zus\u00e4tzlicher Saugst\u00e4rke bietet hohen Schutz f\u00fcr Ihre Angeh\u00f6rigen.<\/p>\n","protected":false},"featured_media":66438,"template":"","meta":{"_acf_changed":false},"product_brand":[970],"product_cat":[798],"product_tag":[],"class_list":{"0":"post-66436","1":"product","2":"type-product","3":"status-publish","4":"has-post-thumbnail","6":"product_brand-tena","7":"product_cat-t","8":"pa_packungsgroesse-30-stueck","10":"first","11":"instock","12":"shipping-taxable","13":"purchasable","14":"product-type-simple"},"acf":[],"_links":{"self":[{"href":"https:\/\/www.ernstbrunn-apotheke.at\/katalog\/wp-json\/wp\/v2\/product\/66436","targetHints":{"allow":["GET"]}}],"collection":[{"href":"https:\/\/www.ernstbrunn-apotheke.at\/katalog\/wp-json\/wp\/v2\/product"}],"about":[{"href":"https:\/\/www.ernstbrunn-apotheke.at\/katalog\/wp-json\/wp\/v2\/types\/product"}],"wp:featuredmedia":[{"embeddable":true,"href":"https:\/\/www.ernstbrunn-apotheke.at\/katalog\/wp-json\/wp\/v2\/media\/66438"}],"wp:attachment":[{"href":"https:\/\/www.ernstbrunn-apotheke.at\/katalog\/wp-json\/wp\/v2\/media?parent=66436"}],"wp:term":[{"taxonomy":"product_brand","embeddable":true,"href":"https:\/\/www.ernstbrunn-apotheke.at\/katalog\/wp-json\/wp\/v2\/product_brand?post=66436"},{"taxonomy":"product_cat","embeddable":true,"href":"https:\/\/www.ernstbrunn-apotheke.at\/katalog\/wp-json\/wp\/v2\/product_cat?post=66436"},{"taxonomy":"product_tag","embeddable":true,"href":"https:\/\/www.ernstbrunn-apotheke.at\/katalog\/wp-json\/wp\/v2\/product_tag?post=66436"}],"curies":[{"name":"wp","href":"https:\/\/api.w.org\/{rel}","templated":true}]}}