{"id":66428,"date":"2025-11-11T12:13:32","date_gmt":"2025-11-11T11:13:32","guid":{"rendered":"https:\/\/www.ernstbrunn-apotheke.at\/katalog\/produkt\/kaeltespray-servosport-300-ml\/"},"modified":"2025-12-08T17:52:25","modified_gmt":"2025-12-08T16:52:25","slug":"kaeltespray-servosport-300-ml","status":"publish","type":"product","link":"https:\/\/www.ernstbrunn-apotheke.at\/katalog\/produkt\/kaeltespray-servosport-300-ml\/","title":{"rendered":"K\u00e4ltespray Servosport 300 ml"},"content":{"rendered":"<p>K\u00e4ltespray Servosport ist bestens f\u00fcr das schnelle, gezielte K\u00fchlen bei Prellungen und Verletzungen geeignet und sollte deshalb in keiner Erste-Hilfe-Tasche fehlen. Der Spray ist hat einen hohen Menthol- und Pfefferminzanteil und ist daher auch als Luftverbesserer einsetzbar.<\/p>\n","protected":false},"excerpt":{"rendered":"<p>K\u00e4ltespray Servosport ist bestens f\u00fcr das schnelle, gezielte K\u00fchlen bei Prellungen und Verletzungen geeignet und sollte deshalb in keiner Erste-Hilfe-Tasche fehlen. Der Spray ist hat einen hohen Menthol- und Pfefferminzanteil und ist daher auch als Luftverbesserer einsetzbar.<\/p>\n","protected":false},"featured_media":66430,"template":"","meta":{"_acf_changed":false},"product_brand":[],"product_cat":[807],"product_tag":[],"class_list":{"0":"post-66428","1":"product","2":"type-product","3":"status-publish","4":"has-post-thumbnail","6":"product_cat-k","7":"pa_packungsgroesse-300ml","9":"first","10":"instock","11":"shipping-taxable","12":"purchasable","13":"product-type-simple"},"acf":[],"_links":{"self":[{"href":"https:\/\/www.ernstbrunn-apotheke.at\/katalog\/wp-json\/wp\/v2\/product\/66428","targetHints":{"allow":["GET"]}}],"collection":[{"href":"https:\/\/www.ernstbrunn-apotheke.at\/katalog\/wp-json\/wp\/v2\/product"}],"about":[{"href":"https:\/\/www.ernstbrunn-apotheke.at\/katalog\/wp-json\/wp\/v2\/types\/product"}],"wp:featuredmedia":[{"embeddable":true,"href":"https:\/\/www.ernstbrunn-apotheke.at\/katalog\/wp-json\/wp\/v2\/media\/66430"}],"wp:attachment":[{"href":"https:\/\/www.ernstbrunn-apotheke.at\/katalog\/wp-json\/wp\/v2\/media?parent=66428"}],"wp:term":[{"taxonomy":"product_brand","embeddable":true,"href":"https:\/\/www.ernstbrunn-apotheke.at\/katalog\/wp-json\/wp\/v2\/product_brand?post=66428"},{"taxonomy":"product_cat","embeddable":true,"href":"https:\/\/www.ernstbrunn-apotheke.at\/katalog\/wp-json\/wp\/v2\/product_cat?post=66428"},{"taxonomy":"product_tag","embeddable":true,"href":"https:\/\/www.ernstbrunn-apotheke.at\/katalog\/wp-json\/wp\/v2\/product_tag?post=66428"}],"curies":[{"name":"wp","href":"https:\/\/api.w.org\/{rel}","templated":true}]}}