{"id":66414,"date":"2025-11-11T12:13:32","date_gmt":"2025-11-11T11:13:32","guid":{"rendered":"https:\/\/www.ernstbrunn-apotheke.at\/katalog\/produkt\/rausch-malven-volumen-shampoo-2\/"},"modified":"2025-12-08T17:52:22","modified_gmt":"2025-12-08T16:52:22","slug":"rausch-malven-volumen-shampoo-2","status":"publish","type":"product","link":"https:\/\/www.ernstbrunn-apotheke.at\/katalog\/produkt\/rausch-malven-volumen-shampoo-2\/","title":{"rendered":"Rausch Malven Volumen-Shampoo"},"content":{"rendered":"<p>Rausch Shampoo speziell sanfte Pflege f\u00fcr feines Haar. Gibt Volumen und nat\u00fcrlichen Glanz. Ideal f\u00fcr h\u00e4ufiges Haarewaschen. Brennt nicht in den Augen &#8211; auch f\u00fcr Kinder (pH 7,3)!Mit kostbaren Extrakten aus Malvenbl\u00fcten und Lindenbl\u00fcten.<\/p>\n","protected":false},"excerpt":{"rendered":"<p>Rausch Shampoo speziell sanfte Pflege f\u00fcr feines Haar. Gibt Volumen und nat\u00fcrlichen Glanz. Ideal f\u00fcr h\u00e4ufiges Haarewaschen. Brennt nicht in den Augen &#8211; auch f\u00fcr Kinder (pH 7,3)!Mit kostbaren Extrakten aus Malvenbl\u00fcten und Lindenbl\u00fcten.<\/p>\n","protected":false},"featured_media":66416,"template":"","meta":{"_acf_changed":false},"product_brand":[648],"product_cat":[808],"product_tag":[],"class_list":{"0":"post-66414","1":"product","2":"type-product","3":"status-publish","4":"has-post-thumbnail","6":"product_brand-rausch","7":"product_cat-r","8":"pa_farbe-rosa","9":"pa_packungsgroesse-40ml","11":"first","12":"instock","13":"shipping-taxable","14":"purchasable","15":"product-type-simple"},"acf":[],"_links":{"self":[{"href":"https:\/\/www.ernstbrunn-apotheke.at\/katalog\/wp-json\/wp\/v2\/product\/66414","targetHints":{"allow":["GET"]}}],"collection":[{"href":"https:\/\/www.ernstbrunn-apotheke.at\/katalog\/wp-json\/wp\/v2\/product"}],"about":[{"href":"https:\/\/www.ernstbrunn-apotheke.at\/katalog\/wp-json\/wp\/v2\/types\/product"}],"wp:featuredmedia":[{"embeddable":true,"href":"https:\/\/www.ernstbrunn-apotheke.at\/katalog\/wp-json\/wp\/v2\/media\/66416"}],"wp:attachment":[{"href":"https:\/\/www.ernstbrunn-apotheke.at\/katalog\/wp-json\/wp\/v2\/media?parent=66414"}],"wp:term":[{"taxonomy":"product_brand","embeddable":true,"href":"https:\/\/www.ernstbrunn-apotheke.at\/katalog\/wp-json\/wp\/v2\/product_brand?post=66414"},{"taxonomy":"product_cat","embeddable":true,"href":"https:\/\/www.ernstbrunn-apotheke.at\/katalog\/wp-json\/wp\/v2\/product_cat?post=66414"},{"taxonomy":"product_tag","embeddable":true,"href":"https:\/\/www.ernstbrunn-apotheke.at\/katalog\/wp-json\/wp\/v2\/product_tag?post=66414"}],"curies":[{"name":"wp","href":"https:\/\/api.w.org\/{rel}","templated":true}]}}