{"id":66383,"date":"2025-11-11T12:13:32","date_gmt":"2025-11-11T11:13:32","guid":{"rendered":"https:\/\/www.ernstbrunn-apotheke.at\/katalog\/produkt\/allergosan-dentomit-parodontal-spray-30-ml\/"},"modified":"2025-12-08T17:52:13","modified_gmt":"2025-12-08T16:52:13","slug":"allergosan-dentomit-parodontal-spray-30-ml","status":"publish","type":"product","link":"https:\/\/www.ernstbrunn-apotheke.at\/katalog\/produkt\/allergosan-dentomit-parodontal-spray-30-ml\/","title":{"rendered":"Allergosan Dentomit Parodontal-Spray 30 ml"},"content":{"rendered":"<p>Allergosan Dentomit Parodontal-Spray ist ein klinisch getestetes Mundspray mit Coenzym Q10 und Minz\u00f6l zur t\u00e4glichen Pflege von Mundh\u00f6hle und Zahnfleisch. Der Spray ist besonders geeignet bei kleinen Blutungen im Mundraum sowie Aphthen. Au\u00dferdem ist er sehr empfehlenswert bei Parodontitis oder bei Neigung zu ausgedehnter Plaquebildung.<\/p>\n","protected":false},"excerpt":{"rendered":"<p>Allergosan Dentomit Parodontal-Spray ist ein klinisch getestetes Mundspray mit Coenzym Q10 und Minz\u00f6l zur t\u00e4glichen Pflege von Mundh\u00f6hle und Zahnfleisch. Der Spray ist besonders geeignet bei kleinen Blutungen im Mundraum sowie Aphthen. Au\u00dferdem ist er sehr empfehlenswert bei Parodontitis oder bei Neigung zu ausgedehnter Plaquebildung.<\/p>\n","protected":false},"featured_media":66385,"template":"","meta":{"_acf_changed":false},"product_brand":[],"product_cat":[801],"product_tag":[],"class_list":{"0":"post-66383","1":"product","2":"type-product","3":"status-publish","4":"has-post-thumbnail","6":"product_cat-a","7":"pa_packungsgroesse-30ml","9":"first","10":"instock","11":"shipping-taxable","12":"purchasable","13":"product-type-simple"},"acf":[],"_links":{"self":[{"href":"https:\/\/www.ernstbrunn-apotheke.at\/katalog\/wp-json\/wp\/v2\/product\/66383","targetHints":{"allow":["GET"]}}],"collection":[{"href":"https:\/\/www.ernstbrunn-apotheke.at\/katalog\/wp-json\/wp\/v2\/product"}],"about":[{"href":"https:\/\/www.ernstbrunn-apotheke.at\/katalog\/wp-json\/wp\/v2\/types\/product"}],"wp:featuredmedia":[{"embeddable":true,"href":"https:\/\/www.ernstbrunn-apotheke.at\/katalog\/wp-json\/wp\/v2\/media\/66385"}],"wp:attachment":[{"href":"https:\/\/www.ernstbrunn-apotheke.at\/katalog\/wp-json\/wp\/v2\/media?parent=66383"}],"wp:term":[{"taxonomy":"product_brand","embeddable":true,"href":"https:\/\/www.ernstbrunn-apotheke.at\/katalog\/wp-json\/wp\/v2\/product_brand?post=66383"},{"taxonomy":"product_cat","embeddable":true,"href":"https:\/\/www.ernstbrunn-apotheke.at\/katalog\/wp-json\/wp\/v2\/product_cat?post=66383"},{"taxonomy":"product_tag","embeddable":true,"href":"https:\/\/www.ernstbrunn-apotheke.at\/katalog\/wp-json\/wp\/v2\/product_tag?post=66383"}],"curies":[{"name":"wp","href":"https:\/\/api.w.org\/{rel}","templated":true}]}}