{"id":66315,"date":"2025-11-11T12:11:23","date_gmt":"2025-11-11T11:11:23","guid":{"rendered":"https:\/\/www.ernstbrunn-apotheke.at\/katalog\/produkt\/henna-plus-colour-creme-60-ml-mocca-brown\/"},"modified":"2025-12-08T17:51:54","modified_gmt":"2025-12-08T16:51:54","slug":"henna-plus-colour-creme-60-ml-mocca-brown","status":"publish","type":"product","link":"https:\/\/www.ernstbrunn-apotheke.at\/katalog\/produkt\/henna-plus-colour-creme-60-ml-mocca-brown\/","title":{"rendered":"Henna Plus Colour Creme 60 ml Mocca Brown"},"content":{"rendered":"<p>Henna Plus Colour Creme t\u00f6nt, pflegt und regeneriert in einer Anwendung. Die Creme ist angereichert mit 8 zertifizierten biologischen Extrakten, Biothin und Panthenol. St\u00e4rkt das Haar, verleiht ihm Volumen und brillanten Glanz.Dieses Produkt ist in den Farbt\u00f6nen Goldblond, Hazelnut, Warmred, Brown, Mocca Brown, Auburn, Burgundy, Cinnamon, Chocobrown, Black und Darkbrown erh\u00e4ltlich.<\/p>\n","protected":false},"excerpt":{"rendered":"<p>Henna Plus Colour Creme t\u00f6nt, pflegt und regeneriert in einer Anwendung. Die Creme ist angereichert mit 8 zertifizierten biologischen Extrakten, Biothin und Panthenol. St\u00e4rkt das Haar, verleiht ihm Volumen und brillanten Glanz.Dieses Produkt ist in den Farbt\u00f6nen Goldblond, Hazelnut, Warmred, Brown, Mocca Brown, Auburn, Burgundy, Cinnamon, Chocobrown, Black und Darkbrown erh\u00e4ltlich.<\/p>\n","protected":false},"featured_media":66317,"template":"","meta":{"_acf_changed":false},"product_brand":[],"product_cat":[805],"product_tag":[],"class_list":{"0":"post-66315","1":"product","2":"type-product","3":"status-publish","4":"has-post-thumbnail","6":"product_cat-h","7":"pa_packungsgroesse-60ml","9":"first","10":"instock","11":"shipping-taxable","12":"purchasable","13":"product-type-simple"},"acf":[],"_links":{"self":[{"href":"https:\/\/www.ernstbrunn-apotheke.at\/katalog\/wp-json\/wp\/v2\/product\/66315","targetHints":{"allow":["GET"]}}],"collection":[{"href":"https:\/\/www.ernstbrunn-apotheke.at\/katalog\/wp-json\/wp\/v2\/product"}],"about":[{"href":"https:\/\/www.ernstbrunn-apotheke.at\/katalog\/wp-json\/wp\/v2\/types\/product"}],"wp:featuredmedia":[{"embeddable":true,"href":"https:\/\/www.ernstbrunn-apotheke.at\/katalog\/wp-json\/wp\/v2\/media\/66317"}],"wp:attachment":[{"href":"https:\/\/www.ernstbrunn-apotheke.at\/katalog\/wp-json\/wp\/v2\/media?parent=66315"}],"wp:term":[{"taxonomy":"product_brand","embeddable":true,"href":"https:\/\/www.ernstbrunn-apotheke.at\/katalog\/wp-json\/wp\/v2\/product_brand?post=66315"},{"taxonomy":"product_cat","embeddable":true,"href":"https:\/\/www.ernstbrunn-apotheke.at\/katalog\/wp-json\/wp\/v2\/product_cat?post=66315"},{"taxonomy":"product_tag","embeddable":true,"href":"https:\/\/www.ernstbrunn-apotheke.at\/katalog\/wp-json\/wp\/v2\/product_tag?post=66315"}],"curies":[{"name":"wp","href":"https:\/\/api.w.org\/{rel}","templated":true}]}}