{"id":66297,"date":"2025-11-11T12:11:23","date_gmt":"2025-11-11T11:11:23","guid":{"rendered":"https:\/\/www.ernstbrunn-apotheke.at\/katalog\/produkt\/augenspuelflasche-500-ml-kochsalzloesung-1-stk\/"},"modified":"2025-12-08T17:51:48","modified_gmt":"2025-12-08T16:51:48","slug":"augenspuelflasche-500-ml-kochsalzloesung-1-stk","status":"publish","type":"product","link":"https:\/\/www.ernstbrunn-apotheke.at\/katalog\/produkt\/augenspuelflasche-500-ml-kochsalzloesung-1-stk\/","title":{"rendered":"Augensp\u00fclflasche 500 ml + Kochsalzl\u00f6sung 1 Stk."},"content":{"rendered":"<p>Die Augensp\u00fclflasche ist mit einer ergonomisch geformten Augenschale ausger\u00fcstet. Dadurch bleiben die Augenlieder auch w\u00e4hrend des Sp\u00fclvorganges ge\u00f6ffnet, und die Sp\u00fclfl\u00fcssigkeit kann direkt ins Auge gelangen.<\/p>\n","protected":false},"excerpt":{"rendered":"<p>Die Augensp\u00fclflasche ist mit einer ergonomisch geformten Augenschale ausger\u00fcstet. Dadurch bleiben die Augenlieder auch w\u00e4hrend des Sp\u00fclvorganges ge\u00f6ffnet, und die Sp\u00fclfl\u00fcssigkeit kann direkt ins Auge gelangen.<\/p>\n","protected":false},"featured_media":66299,"template":"","meta":{"_acf_changed":false},"product_brand":[],"product_cat":[801],"product_tag":[],"class_list":{"0":"post-66297","1":"product","2":"type-product","3":"status-publish","4":"has-post-thumbnail","6":"product_cat-a","7":"pa_packungsgroesse-1-stueck","9":"first","10":"instock","11":"shipping-taxable","12":"purchasable","13":"product-type-simple"},"acf":[],"_links":{"self":[{"href":"https:\/\/www.ernstbrunn-apotheke.at\/katalog\/wp-json\/wp\/v2\/product\/66297","targetHints":{"allow":["GET"]}}],"collection":[{"href":"https:\/\/www.ernstbrunn-apotheke.at\/katalog\/wp-json\/wp\/v2\/product"}],"about":[{"href":"https:\/\/www.ernstbrunn-apotheke.at\/katalog\/wp-json\/wp\/v2\/types\/product"}],"wp:featuredmedia":[{"embeddable":true,"href":"https:\/\/www.ernstbrunn-apotheke.at\/katalog\/wp-json\/wp\/v2\/media\/66299"}],"wp:attachment":[{"href":"https:\/\/www.ernstbrunn-apotheke.at\/katalog\/wp-json\/wp\/v2\/media?parent=66297"}],"wp:term":[{"taxonomy":"product_brand","embeddable":true,"href":"https:\/\/www.ernstbrunn-apotheke.at\/katalog\/wp-json\/wp\/v2\/product_brand?post=66297"},{"taxonomy":"product_cat","embeddable":true,"href":"https:\/\/www.ernstbrunn-apotheke.at\/katalog\/wp-json\/wp\/v2\/product_cat?post=66297"},{"taxonomy":"product_tag","embeddable":true,"href":"https:\/\/www.ernstbrunn-apotheke.at\/katalog\/wp-json\/wp\/v2\/product_tag?post=66297"}],"curies":[{"name":"wp","href":"https:\/\/api.w.org\/{rel}","templated":true}]}}