{"id":66284,"date":"2025-11-11T12:11:23","date_gmt":"2025-11-11T11:11:23","guid":{"rendered":"https:\/\/www.ernstbrunn-apotheke.at\/katalog\/produkt\/hallo-ich-bin-opc-plus-fuer-ihre-blutgefaesse\/"},"modified":"2025-12-08T17:51:44","modified_gmt":"2025-12-08T16:51:44","slug":"hallo-ich-bin-opc-plus-fuer-ihre-blutgefaesse","status":"publish","type":"product","link":"https:\/\/www.ernstbrunn-apotheke.at\/katalog\/produkt\/hallo-ich-bin-opc-plus-fuer-ihre-blutgefaesse\/","title":{"rendered":"hallo, ich bin &#8211; OPC Plus f\u00fcr Ihre Blutgef\u00e4\u00dfe"},"content":{"rendered":"<p>&bdquo;hallo, ich bin&ldquo; bietet mit &uuml;ber 60 Produkten eines der umfassendsten Sortimente an Nahrungserg&auml;nzungsmitteln auf Basis der Traditionellen Europ&auml;ischen Klostermedizin an. Die wertvollen Pflanzenstoffe stammen aus regionalem Anbau und werden nach schonender Trocknung in eine Kapsel gepackt. Alle Produkte sind gentechnikfrei, ohne synthetische F&uuml;llstoffe und werden zu 100 % in &Ouml;sterreich hergestellt.<\/p>\n<p>OPC Plus Kapseln:<\/p>\n<p>Vitamin C aus der Acerolakirsche sch&uuml;tzt Zellen und Blutgef&auml;&szlig;eBeste Qualit&auml;t durch Trauben aus Bio-Anbau Inhaltsstoffe pro 2 Kapseln1:<\/p>\n<p>Vitamin C 24 mgTraubenkern-Extrakt 420 mg, davon Polyphenole 400 mg&amp;nbsp;OPC 126,4 mg1 empfohlene Tagesverzehrmenge, (NRV): Prozent der N&auml;hrstoffbezugswerte<\/p>\n<p><a class=\"fr-strong fr-green\" href=\"http:\/\/www.halloichbin.at\" rel=\"noopener noreferrer\" target=\"_blank\">www.halloichbin.at <\/a><\/p>\n<p>&nbsp;<\/p>\n<p><\/p>\n","protected":false},"excerpt":{"rendered":"<p>&bdquo;hallo, ich bin&ldquo; bietet mit &uuml;ber 60 Produkten eines der umfassendsten Sortimente an Nahrungserg&auml;nzungsmitteln auf Basis der Traditionellen Europ&auml;ischen Klostermedizin an. Die wertvollen Pflanzenstoffe stammen aus regionalem Anbau und werden nach schonender Trocknung in eine Kapsel gepackt. Alle Produkte sind gentechnikfrei, ohne synthetische F&uuml;llstoffe und werden zu 100 % in &Ouml;sterreich hergestellt. OPC Plus Kapseln: [&hellip;]<\/p>\n","protected":false},"featured_media":66286,"template":"","meta":{"_acf_changed":false},"product_brand":[1068],"product_cat":[805],"product_tag":[],"class_list":{"0":"post-66284","1":"product","2":"type-product","3":"status-publish","4":"has-post-thumbnail","6":"product_brand-hallo-ich-bin","7":"product_cat-h","8":"pa_packungsgroesse-80-stueck","10":"first","11":"instock","12":"shipping-taxable","13":"purchasable","14":"product-type-simple"},"acf":[],"_links":{"self":[{"href":"https:\/\/www.ernstbrunn-apotheke.at\/katalog\/wp-json\/wp\/v2\/product\/66284","targetHints":{"allow":["GET"]}}],"collection":[{"href":"https:\/\/www.ernstbrunn-apotheke.at\/katalog\/wp-json\/wp\/v2\/product"}],"about":[{"href":"https:\/\/www.ernstbrunn-apotheke.at\/katalog\/wp-json\/wp\/v2\/types\/product"}],"wp:featuredmedia":[{"embeddable":true,"href":"https:\/\/www.ernstbrunn-apotheke.at\/katalog\/wp-json\/wp\/v2\/media\/66286"}],"wp:attachment":[{"href":"https:\/\/www.ernstbrunn-apotheke.at\/katalog\/wp-json\/wp\/v2\/media?parent=66284"}],"wp:term":[{"taxonomy":"product_brand","embeddable":true,"href":"https:\/\/www.ernstbrunn-apotheke.at\/katalog\/wp-json\/wp\/v2\/product_brand?post=66284"},{"taxonomy":"product_cat","embeddable":true,"href":"https:\/\/www.ernstbrunn-apotheke.at\/katalog\/wp-json\/wp\/v2\/product_cat?post=66284"},{"taxonomy":"product_tag","embeddable":true,"href":"https:\/\/www.ernstbrunn-apotheke.at\/katalog\/wp-json\/wp\/v2\/product_tag?post=66284"}],"curies":[{"name":"wp","href":"https:\/\/api.w.org\/{rel}","templated":true}]}}