{"id":66235,"date":"2025-11-11T12:10:17","date_gmt":"2025-11-11T11:10:17","guid":{"rendered":"https:\/\/www.ernstbrunn-apotheke.at\/katalog\/produkt\/tetesept-pflanzlicher-hustenstiller-125-ml\/"},"modified":"2025-12-08T17:51:33","modified_gmt":"2025-12-08T16:51:33","slug":"tetesept-pflanzlicher-hustenstiller-125-ml","status":"publish","type":"product","link":"https:\/\/www.ernstbrunn-apotheke.at\/katalog\/produkt\/tetesept-pflanzlicher-hustenstiller-125-ml\/","title":{"rendered":"Tetesept Pflanzlicher Hustenstiller 125 ml"},"content":{"rendered":"<p>Tetesept Pflanzlicher Reizhusten Stiller legt sich wie ein sanfter Balsam auf die gereizte Schleimhaut, wodurch diese beruhigt wird. Der l\u00e4stige Hustenreiz wird sp\u00fcrbar gelindert und die Schleimhaut zudem l\u00e4nger befeuchtet..<\/p>\n","protected":false},"excerpt":{"rendered":"<p>Tetesept Pflanzlicher Reizhusten Stiller legt sich wie ein sanfter Balsam auf die gereizte Schleimhaut, wodurch diese beruhigt wird. Der l\u00e4stige Hustenreiz wird sp\u00fcrbar gelindert und die Schleimhaut zudem l\u00e4nger befeuchtet..<\/p>\n","protected":false},"featured_media":66237,"template":"","meta":{"_acf_changed":false},"product_brand":[487],"product_cat":[798],"product_tag":[],"class_list":{"0":"post-66235","1":"product","2":"type-product","3":"status-publish","4":"has-post-thumbnail","6":"product_brand-tetesept","7":"product_cat-t","8":"pa_packungsgroesse-125ml","10":"first","11":"instock","12":"shipping-taxable","13":"purchasable","14":"product-type-simple"},"acf":[],"_links":{"self":[{"href":"https:\/\/www.ernstbrunn-apotheke.at\/katalog\/wp-json\/wp\/v2\/product\/66235","targetHints":{"allow":["GET"]}}],"collection":[{"href":"https:\/\/www.ernstbrunn-apotheke.at\/katalog\/wp-json\/wp\/v2\/product"}],"about":[{"href":"https:\/\/www.ernstbrunn-apotheke.at\/katalog\/wp-json\/wp\/v2\/types\/product"}],"wp:featuredmedia":[{"embeddable":true,"href":"https:\/\/www.ernstbrunn-apotheke.at\/katalog\/wp-json\/wp\/v2\/media\/66237"}],"wp:attachment":[{"href":"https:\/\/www.ernstbrunn-apotheke.at\/katalog\/wp-json\/wp\/v2\/media?parent=66235"}],"wp:term":[{"taxonomy":"product_brand","embeddable":true,"href":"https:\/\/www.ernstbrunn-apotheke.at\/katalog\/wp-json\/wp\/v2\/product_brand?post=66235"},{"taxonomy":"product_cat","embeddable":true,"href":"https:\/\/www.ernstbrunn-apotheke.at\/katalog\/wp-json\/wp\/v2\/product_cat?post=66235"},{"taxonomy":"product_tag","embeddable":true,"href":"https:\/\/www.ernstbrunn-apotheke.at\/katalog\/wp-json\/wp\/v2\/product_tag?post=66235"}],"curies":[{"name":"wp","href":"https:\/\/api.w.org\/{rel}","templated":true}]}}