{"id":66167,"date":"2025-11-11T12:09:12","date_gmt":"2025-11-11T11:09:12","guid":{"rendered":"https:\/\/www.ernstbrunn-apotheke.at\/katalog\/produkt\/wala-chelidonium-comp-augentropfen-30-stk\/"},"modified":"2025-12-08T17:51:13","modified_gmt":"2025-12-08T16:51:13","slug":"wala-chelidonium-comp-augentropfen-30-stk","status":"publish","type":"product","link":"https:\/\/www.ernstbrunn-apotheke.at\/katalog\/produkt\/wala-chelidonium-comp-augentropfen-30-stk\/","title":{"rendered":"Wala Chelidonium Comp. Augentropfen 30 Stk."},"content":{"rendered":"<p>Wala Chelidonium Comp. Augentropfen befeuchten und erfrischen die Augen sofort. Zudem regen sie sanft die Tr\u00e4nensekretion an. Dar\u00fcber hinaus beruhigen die Tropfen das Auge, wirken kr\u00e4ftigend und st\u00e4rkend.<\/p>\n","protected":false},"excerpt":{"rendered":"<p>Wala Chelidonium Comp. Augentropfen befeuchten und erfrischen die Augen sofort. Zudem regen sie sanft die Tr\u00e4nensekretion an. Dar\u00fcber hinaus beruhigen die Tropfen das Auge, wirken kr\u00e4ftigend und st\u00e4rkend.<\/p>\n","protected":false},"featured_media":66169,"template":"","meta":{"_acf_changed":false},"product_brand":[866],"product_cat":[796],"product_tag":[],"class_list":{"0":"post-66167","1":"product","2":"type-product","3":"status-publish","4":"has-post-thumbnail","6":"product_brand-wala","7":"product_cat-w","8":"pa_packungsgroesse-30-stueck","10":"first","11":"instock","12":"shipping-taxable","13":"purchasable","14":"product-type-simple"},"acf":[],"_links":{"self":[{"href":"https:\/\/www.ernstbrunn-apotheke.at\/katalog\/wp-json\/wp\/v2\/product\/66167","targetHints":{"allow":["GET"]}}],"collection":[{"href":"https:\/\/www.ernstbrunn-apotheke.at\/katalog\/wp-json\/wp\/v2\/product"}],"about":[{"href":"https:\/\/www.ernstbrunn-apotheke.at\/katalog\/wp-json\/wp\/v2\/types\/product"}],"wp:featuredmedia":[{"embeddable":true,"href":"https:\/\/www.ernstbrunn-apotheke.at\/katalog\/wp-json\/wp\/v2\/media\/66169"}],"wp:attachment":[{"href":"https:\/\/www.ernstbrunn-apotheke.at\/katalog\/wp-json\/wp\/v2\/media?parent=66167"}],"wp:term":[{"taxonomy":"product_brand","embeddable":true,"href":"https:\/\/www.ernstbrunn-apotheke.at\/katalog\/wp-json\/wp\/v2\/product_brand?post=66167"},{"taxonomy":"product_cat","embeddable":true,"href":"https:\/\/www.ernstbrunn-apotheke.at\/katalog\/wp-json\/wp\/v2\/product_cat?post=66167"},{"taxonomy":"product_tag","embeddable":true,"href":"https:\/\/www.ernstbrunn-apotheke.at\/katalog\/wp-json\/wp\/v2\/product_tag?post=66167"}],"curies":[{"name":"wp","href":"https:\/\/api.w.org\/{rel}","templated":true}]}}