{"id":66140,"date":"2025-11-11T12:08:30","date_gmt":"2025-11-11T11:08:30","guid":{"rendered":"https:\/\/www.ernstbrunn-apotheke.at\/katalog\/produkt\/kneipp-duschbalsam-200-ml-mandelblueten-hautzart\/"},"modified":"2025-12-08T17:51:03","modified_gmt":"2025-12-08T16:51:03","slug":"kneipp-duschbalsam-200-ml-mandelblueten-hautzart","status":"publish","type":"product","link":"https:\/\/www.ernstbrunn-apotheke.at\/katalog\/produkt\/kneipp-duschbalsam-200-ml-mandelblueten-hautzart\/","title":{"rendered":"Kneipp Duschbalsam 200 ml Mandelbl\u00fcten Hautzart"},"content":{"rendered":"<p>Der sanft reinigende und intensiv pflegende Duschbalsam Mandelbl\u00fcten Hautzart ist die Spezialpflege f\u00fcr die t\u00e4gliche Reinigung bei trockener und sensibler Haut. Er unterst\u00fctzt die Aufrechterhaltung des hauteigenen Schutzmantels bereits beim Duschen.<\/p>\n","protected":false},"excerpt":{"rendered":"<p>Der sanft reinigende und intensiv pflegende Duschbalsam Mandelbl\u00fcten Hautzart ist die Spezialpflege f\u00fcr die t\u00e4gliche Reinigung bei trockener und sensibler Haut. Er unterst\u00fctzt die Aufrechterhaltung des hauteigenen Schutzmantels bereits beim Duschen.<\/p>\n","protected":false},"featured_media":66142,"template":"","meta":{"_acf_changed":false},"product_brand":[662],"product_cat":[807],"product_tag":[],"class_list":{"0":"post-66140","1":"product","2":"type-product","3":"status-publish","4":"has-post-thumbnail","6":"product_brand-kneipp","7":"product_cat-k","8":"pa_packungsgroesse-200ml","10":"first","11":"instock","12":"shipping-taxable","13":"purchasable","14":"product-type-simple"},"acf":[],"_links":{"self":[{"href":"https:\/\/www.ernstbrunn-apotheke.at\/katalog\/wp-json\/wp\/v2\/product\/66140","targetHints":{"allow":["GET"]}}],"collection":[{"href":"https:\/\/www.ernstbrunn-apotheke.at\/katalog\/wp-json\/wp\/v2\/product"}],"about":[{"href":"https:\/\/www.ernstbrunn-apotheke.at\/katalog\/wp-json\/wp\/v2\/types\/product"}],"wp:featuredmedia":[{"embeddable":true,"href":"https:\/\/www.ernstbrunn-apotheke.at\/katalog\/wp-json\/wp\/v2\/media\/66142"}],"wp:attachment":[{"href":"https:\/\/www.ernstbrunn-apotheke.at\/katalog\/wp-json\/wp\/v2\/media?parent=66140"}],"wp:term":[{"taxonomy":"product_brand","embeddable":true,"href":"https:\/\/www.ernstbrunn-apotheke.at\/katalog\/wp-json\/wp\/v2\/product_brand?post=66140"},{"taxonomy":"product_cat","embeddable":true,"href":"https:\/\/www.ernstbrunn-apotheke.at\/katalog\/wp-json\/wp\/v2\/product_cat?post=66140"},{"taxonomy":"product_tag","embeddable":true,"href":"https:\/\/www.ernstbrunn-apotheke.at\/katalog\/wp-json\/wp\/v2\/product_tag?post=66140"}],"curies":[{"name":"wp","href":"https:\/\/api.w.org\/{rel}","templated":true}]}}