{"id":66089,"date":"2025-11-11T12:07:32","date_gmt":"2025-11-11T11:07:32","guid":{"rendered":"https:\/\/www.ernstbrunn-apotheke.at\/katalog\/produkt\/kneipp-sensitivederm-urmeer-badesalz-500-g\/"},"modified":"2025-12-08T17:50:47","modified_gmt":"2025-12-08T16:50:47","slug":"kneipp-sensitivederm-urmeer-badesalz-500-g","status":"publish","type":"product","link":"https:\/\/www.ernstbrunn-apotheke.at\/katalog\/produkt\/kneipp-sensitivederm-urmeer-badesalz-500-g\/","title":{"rendered":"Kneipp SensitiveDerm Urmeer-Badesalz 500 g"},"content":{"rendered":"<p>Ein Bad mit dem Kneipp SensitiveDerm Urmeer-Badesalz reinigt Ihre Haut und pflegt sie nat\u00fcrlich sch\u00f6n. Die nat\u00fcrlichen Kr\u00e4fte des Salzes sorgen f\u00fcr ein wohltuendes Badeerlebnis und verleihen der Haut Geschmeidigkeit und gesunde Sch\u00f6nheit.<\/p>\n","protected":false},"excerpt":{"rendered":"<p>Ein Bad mit dem Kneipp SensitiveDerm Urmeer-Badesalz reinigt Ihre Haut und pflegt sie nat\u00fcrlich sch\u00f6n. Die nat\u00fcrlichen Kr\u00e4fte des Salzes sorgen f\u00fcr ein wohltuendes Badeerlebnis und verleihen der Haut Geschmeidigkeit und gesunde Sch\u00f6nheit.<\/p>\n","protected":false},"featured_media":66091,"template":"","meta":{"_acf_changed":false},"product_brand":[662],"product_cat":[807],"product_tag":[],"class_list":{"0":"post-66089","1":"product","2":"type-product","3":"status-publish","4":"has-post-thumbnail","6":"product_brand-kneipp","7":"product_cat-k","8":"pa_packungsgroesse-500g","10":"first","11":"instock","12":"shipping-taxable","13":"purchasable","14":"product-type-simple"},"acf":[],"_links":{"self":[{"href":"https:\/\/www.ernstbrunn-apotheke.at\/katalog\/wp-json\/wp\/v2\/product\/66089","targetHints":{"allow":["GET"]}}],"collection":[{"href":"https:\/\/www.ernstbrunn-apotheke.at\/katalog\/wp-json\/wp\/v2\/product"}],"about":[{"href":"https:\/\/www.ernstbrunn-apotheke.at\/katalog\/wp-json\/wp\/v2\/types\/product"}],"wp:featuredmedia":[{"embeddable":true,"href":"https:\/\/www.ernstbrunn-apotheke.at\/katalog\/wp-json\/wp\/v2\/media\/66091"}],"wp:attachment":[{"href":"https:\/\/www.ernstbrunn-apotheke.at\/katalog\/wp-json\/wp\/v2\/media?parent=66089"}],"wp:term":[{"taxonomy":"product_brand","embeddable":true,"href":"https:\/\/www.ernstbrunn-apotheke.at\/katalog\/wp-json\/wp\/v2\/product_brand?post=66089"},{"taxonomy":"product_cat","embeddable":true,"href":"https:\/\/www.ernstbrunn-apotheke.at\/katalog\/wp-json\/wp\/v2\/product_cat?post=66089"},{"taxonomy":"product_tag","embeddable":true,"href":"https:\/\/www.ernstbrunn-apotheke.at\/katalog\/wp-json\/wp\/v2\/product_tag?post=66089"}],"curies":[{"name":"wp","href":"https:\/\/api.w.org\/{rel}","templated":true}]}}