{"id":66050,"date":"2025-11-11T12:06:06","date_gmt":"2025-11-11T11:06:06","guid":{"rendered":"https:\/\/www.ernstbrunn-apotheke.at\/katalog\/produkt\/bioderma-sebium-global-30-ml\/"},"modified":"2025-12-08T17:50:38","modified_gmt":"2025-12-08T16:50:38","slug":"bioderma-sebium-global-30-ml","status":"publish","type":"product","link":"https:\/\/www.ernstbrunn-apotheke.at\/katalog\/produkt\/bioderma-sebium-global-30-ml\/","title":{"rendered":"Bioderma S\u00e9bium Global 30 ml"},"content":{"rendered":"<p>Bioderma S\u00e9bium Global 30 ml ist eine entz\u00fcndungshemmende Intensivpflege bei stark unreiner Haut und Akne. Reduziert verstopfte Poren und sorgt f\u00fcr ein ebenm\u00e4\u00dfigeres Hautbild. Wirkt talgregulierend und verhindert so die Neuentstehung von Pickeln und Mitessern. Ursachen und Symptome werden gleichzeitig bek\u00e4mpft. Leichte Textur. Nicht komedogen, ohne Parabene. Frischer Duft.<\/p>\n","protected":false},"excerpt":{"rendered":"<p>Bioderma S\u00e9bium Global 30 ml ist eine entz\u00fcndungshemmende Intensivpflege bei stark unreiner Haut und Akne. Reduziert verstopfte Poren und sorgt f\u00fcr ein ebenm\u00e4\u00dfigeres Hautbild. Wirkt talgregulierend und verhindert so die Neuentstehung von Pickeln und Mitessern. Ursachen und Symptome werden gleichzeitig bek\u00e4mpft. Leichte Textur. Nicht komedogen, ohne Parabene. Frischer Duft.<\/p>\n","protected":false},"featured_media":66052,"template":"","meta":{"_acf_changed":false},"product_brand":[657],"product_cat":[802],"product_tag":[],"class_list":{"0":"post-66050","1":"product","2":"type-product","3":"status-publish","4":"has-post-thumbnail","6":"product_brand-bioderma","7":"product_cat-b","8":"pa_packungsgroesse-30ml","10":"first","11":"instock","12":"shipping-taxable","13":"purchasable","14":"product-type-simple"},"acf":[],"_links":{"self":[{"href":"https:\/\/www.ernstbrunn-apotheke.at\/katalog\/wp-json\/wp\/v2\/product\/66050","targetHints":{"allow":["GET"]}}],"collection":[{"href":"https:\/\/www.ernstbrunn-apotheke.at\/katalog\/wp-json\/wp\/v2\/product"}],"about":[{"href":"https:\/\/www.ernstbrunn-apotheke.at\/katalog\/wp-json\/wp\/v2\/types\/product"}],"wp:featuredmedia":[{"embeddable":true,"href":"https:\/\/www.ernstbrunn-apotheke.at\/katalog\/wp-json\/wp\/v2\/media\/66052"}],"wp:attachment":[{"href":"https:\/\/www.ernstbrunn-apotheke.at\/katalog\/wp-json\/wp\/v2\/media?parent=66050"}],"wp:term":[{"taxonomy":"product_brand","embeddable":true,"href":"https:\/\/www.ernstbrunn-apotheke.at\/katalog\/wp-json\/wp\/v2\/product_brand?post=66050"},{"taxonomy":"product_cat","embeddable":true,"href":"https:\/\/www.ernstbrunn-apotheke.at\/katalog\/wp-json\/wp\/v2\/product_cat?post=66050"},{"taxonomy":"product_tag","embeddable":true,"href":"https:\/\/www.ernstbrunn-apotheke.at\/katalog\/wp-json\/wp\/v2\/product_tag?post=66050"}],"curies":[{"name":"wp","href":"https:\/\/api.w.org\/{rel}","templated":true}]}}