{"id":65932,"date":"2025-11-11T12:04:37","date_gmt":"2025-11-11T11:04:37","guid":{"rendered":"https:\/\/www.ernstbrunn-apotheke.at\/katalog\/produkt\/bachblueten-tee-15-stk-ruhe-und-gelassenheit\/"},"modified":"2025-12-08T17:50:12","modified_gmt":"2025-12-08T16:50:12","slug":"bachblueten-tee-15-stk-ruhe-und-gelassenheit","status":"publish","type":"product","link":"https:\/\/www.ernstbrunn-apotheke.at\/katalog\/produkt\/bachblueten-tee-15-stk-ruhe-und-gelassenheit\/","title":{"rendered":"Bachbl\u00fcten Tee 15 Stk. Ruhe und Gelassenheit"},"content":{"rendered":"<p>Bachbl\u00fcten Teeserie von Salus greift die Philosophie des britischen Arztes und Hom\u00f6opathen Edward Bach auf. Sie kombiniert sorgsam ausgew\u00e4hlte Kr\u00e4uter, Gew\u00fcrze und Fr\u00fcchte mit Bio-Bachbl\u00fcten-Essenzen zu einem wohltuenden Tee-Erlebnis. Dieses Produkt erhalten Sie in den Varianten Freude und Harmonie, F\u00fcr alle F\u00e4lle, Kraft und Energie sowie Ruhe und Gelassenheit.<\/p>\n","protected":false},"excerpt":{"rendered":"<p>Bachbl\u00fcten Teeserie von Salus greift die Philosophie des britischen Arztes und Hom\u00f6opathen Edward Bach auf. Sie kombiniert sorgsam ausgew\u00e4hlte Kr\u00e4uter, Gew\u00fcrze und Fr\u00fcchte mit Bio-Bachbl\u00fcten-Essenzen zu einem wohltuenden Tee-Erlebnis. Dieses Produkt erhalten Sie in den Varianten Freude und Harmonie, F\u00fcr alle F\u00e4lle, Kraft und Energie sowie Ruhe und Gelassenheit.<\/p>\n","protected":false},"featured_media":65934,"template":"","meta":{"_acf_changed":false},"product_brand":[],"product_cat":[802],"product_tag":[],"class_list":{"0":"post-65932","1":"product","2":"type-product","3":"status-publish","4":"has-post-thumbnail","6":"product_cat-b","7":"pa_packungsgroesse-15-beutel","9":"first","10":"instock","11":"shipping-taxable","12":"purchasable","13":"product-type-simple"},"acf":[],"_links":{"self":[{"href":"https:\/\/www.ernstbrunn-apotheke.at\/katalog\/wp-json\/wp\/v2\/product\/65932","targetHints":{"allow":["GET"]}}],"collection":[{"href":"https:\/\/www.ernstbrunn-apotheke.at\/katalog\/wp-json\/wp\/v2\/product"}],"about":[{"href":"https:\/\/www.ernstbrunn-apotheke.at\/katalog\/wp-json\/wp\/v2\/types\/product"}],"wp:featuredmedia":[{"embeddable":true,"href":"https:\/\/www.ernstbrunn-apotheke.at\/katalog\/wp-json\/wp\/v2\/media\/65934"}],"wp:attachment":[{"href":"https:\/\/www.ernstbrunn-apotheke.at\/katalog\/wp-json\/wp\/v2\/media?parent=65932"}],"wp:term":[{"taxonomy":"product_brand","embeddable":true,"href":"https:\/\/www.ernstbrunn-apotheke.at\/katalog\/wp-json\/wp\/v2\/product_brand?post=65932"},{"taxonomy":"product_cat","embeddable":true,"href":"https:\/\/www.ernstbrunn-apotheke.at\/katalog\/wp-json\/wp\/v2\/product_cat?post=65932"},{"taxonomy":"product_tag","embeddable":true,"href":"https:\/\/www.ernstbrunn-apotheke.at\/katalog\/wp-json\/wp\/v2\/product_tag?post=65932"}],"curies":[{"name":"wp","href":"https:\/\/api.w.org\/{rel}","templated":true}]}}