{"id":65914,"date":"2025-11-11T12:03:35","date_gmt":"2025-11-11T11:03:35","guid":{"rendered":"https:\/\/www.ernstbrunn-apotheke.at\/katalog\/produkt\/melasan-sport-low-carb-magnesium-kalium-tropical-720-g\/"},"modified":"2025-12-08T17:50:06","modified_gmt":"2025-12-08T16:50:06","slug":"melasan-sport-low-carb-magnesium-kalium-tropical-720-g","status":"publish","type":"product","link":"https:\/\/www.ernstbrunn-apotheke.at\/katalog\/produkt\/melasan-sport-low-carb-magnesium-kalium-tropical-720-g\/","title":{"rendered":"Melasan Sport LOW CARB Magnesium Kalium Tropical 720 g"},"content":{"rendered":"<p>Das neue Melasan Low Carb Getr\u00e4nk mit tropischem Geschmack enth\u00e4lt Vitamine, Mineralstoffe, Spurenelemente, ist besonders reich an Magnesium und Kalium und hat zus\u00e4tzlich einen niedrigen Zuckergehalt. Bei intensiven sportlichen Belastungen kann die optimale Leistung \u00fcber den gesamten Zeitraum nur durch eine erh\u00f6hte Zufuhr von Magnesium, Kalium und Elektrolyten gew\u00e4hrleistet werden..<\/p>\n","protected":false},"excerpt":{"rendered":"<p>Das neue Melasan Low Carb Getr\u00e4nk mit tropischem Geschmack enth\u00e4lt Vitamine, Mineralstoffe, Spurenelemente, ist besonders reich an Magnesium und Kalium und hat zus\u00e4tzlich einen niedrigen Zuckergehalt. Bei intensiven sportlichen Belastungen kann die optimale Leistung \u00fcber den gesamten Zeitraum nur durch eine erh\u00f6hte Zufuhr von Magnesium, Kalium und Elektrolyten gew\u00e4hrleistet werden..<\/p>\n","protected":false},"featured_media":65916,"template":"","meta":{"_acf_changed":false},"product_brand":[373],"product_cat":[800],"product_tag":[],"class_list":{"0":"post-65914","1":"product","2":"type-product","3":"status-publish","4":"has-post-thumbnail","6":"product_brand-melasan","7":"product_cat-m","8":"pa_packungsgroesse-720g","10":"first","11":"instock","12":"shipping-taxable","13":"purchasable","14":"product-type-simple"},"acf":[],"_links":{"self":[{"href":"https:\/\/www.ernstbrunn-apotheke.at\/katalog\/wp-json\/wp\/v2\/product\/65914","targetHints":{"allow":["GET"]}}],"collection":[{"href":"https:\/\/www.ernstbrunn-apotheke.at\/katalog\/wp-json\/wp\/v2\/product"}],"about":[{"href":"https:\/\/www.ernstbrunn-apotheke.at\/katalog\/wp-json\/wp\/v2\/types\/product"}],"wp:featuredmedia":[{"embeddable":true,"href":"https:\/\/www.ernstbrunn-apotheke.at\/katalog\/wp-json\/wp\/v2\/media\/65916"}],"wp:attachment":[{"href":"https:\/\/www.ernstbrunn-apotheke.at\/katalog\/wp-json\/wp\/v2\/media?parent=65914"}],"wp:term":[{"taxonomy":"product_brand","embeddable":true,"href":"https:\/\/www.ernstbrunn-apotheke.at\/katalog\/wp-json\/wp\/v2\/product_brand?post=65914"},{"taxonomy":"product_cat","embeddable":true,"href":"https:\/\/www.ernstbrunn-apotheke.at\/katalog\/wp-json\/wp\/v2\/product_cat?post=65914"},{"taxonomy":"product_tag","embeddable":true,"href":"https:\/\/www.ernstbrunn-apotheke.at\/katalog\/wp-json\/wp\/v2\/product_tag?post=65914"}],"curies":[{"name":"wp","href":"https:\/\/api.w.org\/{rel}","templated":true}]}}