{"id":65833,"date":"2025-11-11T12:02:45","date_gmt":"2025-11-11T11:02:45","guid":{"rendered":"https:\/\/www.ernstbrunn-apotheke.at\/katalog\/produkt\/bioflora-lab-erkaeltungsbad-kinder-200-ml\/"},"modified":"2025-12-08T17:49:41","modified_gmt":"2025-12-08T16:49:41","slug":"bioflora-lab-erkaeltungsbad-kinder-200-ml","status":"publish","type":"product","link":"https:\/\/www.ernstbrunn-apotheke.at\/katalog\/produkt\/bioflora-lab-erkaeltungsbad-kinder-200-ml\/","title":{"rendered":"Bioflora LAB Erk\u00e4ltungsbad Kinder 200 ml"},"content":{"rendered":"<p>Bioflora Erk\u00e4ltungsbad Kinder besteht aus \u00e4therischen \u00d6len von Eukalyptus, F\u00f6hre, Latschenkiefer, Rosmarin und Thymian. Das Bad erm\u00f6glicht ein leichteres Durchatmen und wirkt w\u00e4rmend sowie entspannend. Das Produkt ist hautpflegend und r\u00fcckfettend und trocknet die Haut nicht aus.<\/p>\n","protected":false},"excerpt":{"rendered":"<p>Bioflora Erk\u00e4ltungsbad Kinder besteht aus \u00e4therischen \u00d6len von Eukalyptus, F\u00f6hre, Latschenkiefer, Rosmarin und Thymian. Das Bad erm\u00f6glicht ein leichteres Durchatmen und wirkt w\u00e4rmend sowie entspannend. Das Produkt ist hautpflegend und r\u00fcckfettend und trocknet die Haut nicht aus.<\/p>\n","protected":false},"featured_media":65835,"template":"","meta":{"_acf_changed":false},"product_brand":[434],"product_cat":[802],"product_tag":[],"class_list":{"0":"post-65833","1":"product","2":"type-product","3":"status-publish","4":"has-post-thumbnail","6":"product_brand-bioflora-lab","7":"product_cat-b","8":"pa_packungsgroesse-200ml","10":"first","11":"instock","12":"shipping-taxable","13":"purchasable","14":"product-type-simple"},"acf":[],"_links":{"self":[{"href":"https:\/\/www.ernstbrunn-apotheke.at\/katalog\/wp-json\/wp\/v2\/product\/65833","targetHints":{"allow":["GET"]}}],"collection":[{"href":"https:\/\/www.ernstbrunn-apotheke.at\/katalog\/wp-json\/wp\/v2\/product"}],"about":[{"href":"https:\/\/www.ernstbrunn-apotheke.at\/katalog\/wp-json\/wp\/v2\/types\/product"}],"wp:featuredmedia":[{"embeddable":true,"href":"https:\/\/www.ernstbrunn-apotheke.at\/katalog\/wp-json\/wp\/v2\/media\/65835"}],"wp:attachment":[{"href":"https:\/\/www.ernstbrunn-apotheke.at\/katalog\/wp-json\/wp\/v2\/media?parent=65833"}],"wp:term":[{"taxonomy":"product_brand","embeddable":true,"href":"https:\/\/www.ernstbrunn-apotheke.at\/katalog\/wp-json\/wp\/v2\/product_brand?post=65833"},{"taxonomy":"product_cat","embeddable":true,"href":"https:\/\/www.ernstbrunn-apotheke.at\/katalog\/wp-json\/wp\/v2\/product_cat?post=65833"},{"taxonomy":"product_tag","embeddable":true,"href":"https:\/\/www.ernstbrunn-apotheke.at\/katalog\/wp-json\/wp\/v2\/product_tag?post=65833"}],"curies":[{"name":"wp","href":"https:\/\/api.w.org\/{rel}","templated":true}]}}