{"id":65767,"date":"2025-11-11T12:01:13","date_gmt":"2025-11-11T11:01:13","guid":{"rendered":"https:\/\/www.ernstbrunn-apotheke.at\/katalog\/produkt\/pulmoll-bonbons-50-g-junior-himbeer-oz\/"},"modified":"2025-12-08T17:49:19","modified_gmt":"2025-12-08T16:49:19","slug":"pulmoll-bonbons-50-g-junior-himbeer-oz","status":"publish","type":"product","link":"https:\/\/www.ernstbrunn-apotheke.at\/katalog\/produkt\/pulmoll-bonbons-50-g-junior-himbeer-oz\/","title":{"rendered":"Pulmoll Bonbons 50 g Junior Himbeer OZ"},"content":{"rendered":"<p>Kalfany S\u00fc\u00dfe Werbung GmbH &#038; Co. KG ist europaweit gr\u00f6\u00dfter Dosenbonbon-Hersteller, Marktf\u00fchrer f\u00fcr individuell bedruckte s\u00fc\u00dfe Werbeartikel sowie exklusiver Hersteller von B\u00e4ren Company Fruchtgummi  jetzt mit hohem Rabatt bestellen!<\/p>\n","protected":false},"excerpt":{"rendered":"<p>Kalfany S\u00fc\u00dfe Werbung GmbH &#038; Co. KG ist europaweit gr\u00f6\u00dfter Dosenbonbon-Hersteller, Marktf\u00fchrer f\u00fcr individuell bedruckte s\u00fc\u00dfe Werbeartikel sowie exklusiver Hersteller von B\u00e4ren Company Fruchtgummi jetzt mit hohem Rabatt bestellen!<\/p>\n","protected":false},"featured_media":65769,"template":"","meta":{"_acf_changed":false},"product_brand":[],"product_cat":[793],"product_tag":[],"class_list":{"0":"post-65767","1":"product","2":"type-product","3":"status-publish","4":"has-post-thumbnail","6":"product_cat-p","7":"pa_packungsgroesse-50g","9":"first","10":"instock","11":"shipping-taxable","12":"purchasable","13":"product-type-simple"},"acf":[],"_links":{"self":[{"href":"https:\/\/www.ernstbrunn-apotheke.at\/katalog\/wp-json\/wp\/v2\/product\/65767","targetHints":{"allow":["GET"]}}],"collection":[{"href":"https:\/\/www.ernstbrunn-apotheke.at\/katalog\/wp-json\/wp\/v2\/product"}],"about":[{"href":"https:\/\/www.ernstbrunn-apotheke.at\/katalog\/wp-json\/wp\/v2\/types\/product"}],"wp:featuredmedia":[{"embeddable":true,"href":"https:\/\/www.ernstbrunn-apotheke.at\/katalog\/wp-json\/wp\/v2\/media\/65769"}],"wp:attachment":[{"href":"https:\/\/www.ernstbrunn-apotheke.at\/katalog\/wp-json\/wp\/v2\/media?parent=65767"}],"wp:term":[{"taxonomy":"product_brand","embeddable":true,"href":"https:\/\/www.ernstbrunn-apotheke.at\/katalog\/wp-json\/wp\/v2\/product_brand?post=65767"},{"taxonomy":"product_cat","embeddable":true,"href":"https:\/\/www.ernstbrunn-apotheke.at\/katalog\/wp-json\/wp\/v2\/product_cat?post=65767"},{"taxonomy":"product_tag","embeddable":true,"href":"https:\/\/www.ernstbrunn-apotheke.at\/katalog\/wp-json\/wp\/v2\/product_tag?post=65767"}],"curies":[{"name":"wp","href":"https:\/\/api.w.org\/{rel}","templated":true}]}}