{"id":65756,"date":"2025-11-11T12:01:13","date_gmt":"2025-11-11T11:01:13","guid":{"rendered":"https:\/\/www.ernstbrunn-apotheke.at\/katalog\/produkt\/nippes-hornhaut-hobel-klinge-720d-20-stk\/"},"modified":"2025-12-08T17:49:13","modified_gmt":"2025-12-08T16:49:13","slug":"nippes-hornhaut-hobel-klinge-720d-20-stk","status":"publish","type":"product","link":"https:\/\/www.ernstbrunn-apotheke.at\/katalog\/produkt\/nippes-hornhaut-hobel-klinge-720d-20-stk\/","title":{"rendered":"Nippes Hornhaut Hobel Klinge 720d 20 Stk."},"content":{"rendered":"<p>Nippes Hornhaut Hobel Klinge 720d ist eine Klinge der Spitzenklasse, die Ihnen zu besonders sch\u00f6nen F\u00fc\u00dfen verhilft. Nat\u00fcrlich ist auch dieses Produkt  so wie alle Produkte von Nippes  aus hochwertigen Materialien und von Hand gefertigt \u2013<\/p>\n","protected":false},"excerpt":{"rendered":"<p>Nippes Hornhaut Hobel Klinge 720d ist eine Klinge der Spitzenklasse, die Ihnen zu besonders sch\u00f6nen F\u00fc\u00dfen verhilft. Nat\u00fcrlich ist auch dieses Produkt so wie alle Produkte von Nippes aus hochwertigen Materialien und von Hand gefertigt \u2013<\/p>\n","protected":false},"featured_media":65758,"template":"","meta":{"_acf_changed":false},"product_brand":[666],"product_cat":[797],"product_tag":[],"class_list":{"0":"post-65756","1":"product","2":"type-product","3":"status-publish","4":"has-post-thumbnail","6":"product_brand-nippes","7":"product_cat-n","8":"pa_packungsgroesse-20-stueck","10":"first","11":"instock","12":"shipping-taxable","13":"purchasable","14":"product-type-simple"},"acf":[],"_links":{"self":[{"href":"https:\/\/www.ernstbrunn-apotheke.at\/katalog\/wp-json\/wp\/v2\/product\/65756","targetHints":{"allow":["GET"]}}],"collection":[{"href":"https:\/\/www.ernstbrunn-apotheke.at\/katalog\/wp-json\/wp\/v2\/product"}],"about":[{"href":"https:\/\/www.ernstbrunn-apotheke.at\/katalog\/wp-json\/wp\/v2\/types\/product"}],"wp:featuredmedia":[{"embeddable":true,"href":"https:\/\/www.ernstbrunn-apotheke.at\/katalog\/wp-json\/wp\/v2\/media\/65758"}],"wp:attachment":[{"href":"https:\/\/www.ernstbrunn-apotheke.at\/katalog\/wp-json\/wp\/v2\/media?parent=65756"}],"wp:term":[{"taxonomy":"product_brand","embeddable":true,"href":"https:\/\/www.ernstbrunn-apotheke.at\/katalog\/wp-json\/wp\/v2\/product_brand?post=65756"},{"taxonomy":"product_cat","embeddable":true,"href":"https:\/\/www.ernstbrunn-apotheke.at\/katalog\/wp-json\/wp\/v2\/product_cat?post=65756"},{"taxonomy":"product_tag","embeddable":true,"href":"https:\/\/www.ernstbrunn-apotheke.at\/katalog\/wp-json\/wp\/v2\/product_tag?post=65756"}],"curies":[{"name":"wp","href":"https:\/\/api.w.org\/{rel}","templated":true}]}}