{"id":65662,"date":"2025-11-11T11:58:35","date_gmt":"2025-11-11T10:58:35","guid":{"rendered":"https:\/\/www.ernstbrunn-apotheke.at\/katalog\/produkt\/urkornhof-dolomit-natuerliches-basen-pulver-450-g\/"},"modified":"2025-12-08T17:48:35","modified_gmt":"2025-12-08T16:48:35","slug":"urkornhof-dolomit-natuerliches-basen-pulver-450-g","status":"publish","type":"product","link":"https:\/\/www.ernstbrunn-apotheke.at\/katalog\/produkt\/urkornhof-dolomit-natuerliches-basen-pulver-450-g\/","title":{"rendered":"UrkornHof Dolomit Nat\u00fcrliches Basen Pulver 450 g"},"content":{"rendered":"<p>UrkornHof Dolomit Pulver 450 g ist ein fein vermahlenes Gesteinspulver zur nutritiven Unterst\u00fctzung mit Calcium und Magnesium zus\u00e4tzlich zur normalen Ern\u00e4hrung. Dolomit Pulver unterst\u00fctzt die Funktion des Nervensystems, tr\u00e4gt zum Erhalt normaler Knochen und Z\u00e4hne bei und unterst\u00fczt die Muskelfunktion, den Energiestoffwechsels sowie die Funktion von Verdauungsenzymen.<\/p>\n","protected":false},"excerpt":{"rendered":"<p>UrkornHof Dolomit Pulver 450 g ist ein fein vermahlenes Gesteinspulver zur nutritiven Unterst\u00fctzung mit Calcium und Magnesium zus\u00e4tzlich zur normalen Ern\u00e4hrung. Dolomit Pulver unterst\u00fctzt die Funktion des Nervensystems, tr\u00e4gt zum Erhalt normaler Knochen und Z\u00e4hne bei und unterst\u00fczt die Muskelfunktion, den Energiestoffwechsels sowie die Funktion von Verdauungsenzymen.<\/p>\n","protected":false},"featured_media":65664,"template":"","meta":{"_acf_changed":false},"product_brand":[],"product_cat":[848],"product_tag":[],"class_list":{"0":"post-65662","1":"product","2":"type-product","3":"status-publish","4":"has-post-thumbnail","6":"product_cat-u","7":"pa_packungsgroesse-450g","9":"first","10":"instock","11":"shipping-taxable","12":"purchasable","13":"product-type-simple"},"acf":[],"_links":{"self":[{"href":"https:\/\/www.ernstbrunn-apotheke.at\/katalog\/wp-json\/wp\/v2\/product\/65662","targetHints":{"allow":["GET"]}}],"collection":[{"href":"https:\/\/www.ernstbrunn-apotheke.at\/katalog\/wp-json\/wp\/v2\/product"}],"about":[{"href":"https:\/\/www.ernstbrunn-apotheke.at\/katalog\/wp-json\/wp\/v2\/types\/product"}],"wp:featuredmedia":[{"embeddable":true,"href":"https:\/\/www.ernstbrunn-apotheke.at\/katalog\/wp-json\/wp\/v2\/media\/65664"}],"wp:attachment":[{"href":"https:\/\/www.ernstbrunn-apotheke.at\/katalog\/wp-json\/wp\/v2\/media?parent=65662"}],"wp:term":[{"taxonomy":"product_brand","embeddable":true,"href":"https:\/\/www.ernstbrunn-apotheke.at\/katalog\/wp-json\/wp\/v2\/product_brand?post=65662"},{"taxonomy":"product_cat","embeddable":true,"href":"https:\/\/www.ernstbrunn-apotheke.at\/katalog\/wp-json\/wp\/v2\/product_cat?post=65662"},{"taxonomy":"product_tag","embeddable":true,"href":"https:\/\/www.ernstbrunn-apotheke.at\/katalog\/wp-json\/wp\/v2\/product_tag?post=65662"}],"curies":[{"name":"wp","href":"https:\/\/api.w.org\/{rel}","templated":true}]}}