{"id":65609,"date":"2025-11-11T11:57:46","date_gmt":"2025-11-11T10:57:46","guid":{"rendered":"https:\/\/www.ernstbrunn-apotheke.at\/katalog\/produkt\/lensilux-saline-alle-linsen-360-ml\/"},"modified":"2025-12-08T17:48:18","modified_gmt":"2025-12-08T16:48:18","slug":"lensilux-saline-alle-linsen-360-ml","status":"publish","type":"product","link":"https:\/\/www.ernstbrunn-apotheke.at\/katalog\/produkt\/lensilux-saline-alle-linsen-360-ml\/","title":{"rendered":"Lensilux Saline Alle Linsen 360 ml"},"content":{"rendered":"<p>Lensilux Saline Alle Linsen ist eine Absp\u00fcll\u00f6sung f\u00fcr alle Kontaktlinsen. Bei der w\u00f6chentlichen enzymatischen Reinigung kann die Tablette zudem in Lensilux Saline aufgel\u00f6st werden \u2013 Sie bezahlen per Kauf auf Rechnung, PayPal, Kredikarte oder Bank\u00fcberweisung!<\/p>\n","protected":false},"excerpt":{"rendered":"<p>Lensilux Saline Alle Linsen ist eine Absp\u00fcll\u00f6sung f\u00fcr alle Kontaktlinsen. Bei der w\u00f6chentlichen enzymatischen Reinigung kann die Tablette zudem in Lensilux Saline aufgel\u00f6st werden \u2013 Sie bezahlen per Kauf auf Rechnung, PayPal, Kredikarte oder Bank\u00fcberweisung!<\/p>\n","protected":false},"featured_media":65611,"template":"","meta":{"_acf_changed":false},"product_brand":[],"product_cat":[795],"product_tag":[],"class_list":{"0":"post-65609","1":"product","2":"type-product","3":"status-publish","4":"has-post-thumbnail","6":"product_cat-l","7":"pa_packungsgroesse-360ml","9":"first","10":"instock","11":"shipping-taxable","12":"purchasable","13":"product-type-simple"},"acf":[],"_links":{"self":[{"href":"https:\/\/www.ernstbrunn-apotheke.at\/katalog\/wp-json\/wp\/v2\/product\/65609","targetHints":{"allow":["GET"]}}],"collection":[{"href":"https:\/\/www.ernstbrunn-apotheke.at\/katalog\/wp-json\/wp\/v2\/product"}],"about":[{"href":"https:\/\/www.ernstbrunn-apotheke.at\/katalog\/wp-json\/wp\/v2\/types\/product"}],"wp:featuredmedia":[{"embeddable":true,"href":"https:\/\/www.ernstbrunn-apotheke.at\/katalog\/wp-json\/wp\/v2\/media\/65611"}],"wp:attachment":[{"href":"https:\/\/www.ernstbrunn-apotheke.at\/katalog\/wp-json\/wp\/v2\/media?parent=65609"}],"wp:term":[{"taxonomy":"product_brand","embeddable":true,"href":"https:\/\/www.ernstbrunn-apotheke.at\/katalog\/wp-json\/wp\/v2\/product_brand?post=65609"},{"taxonomy":"product_cat","embeddable":true,"href":"https:\/\/www.ernstbrunn-apotheke.at\/katalog\/wp-json\/wp\/v2\/product_cat?post=65609"},{"taxonomy":"product_tag","embeddable":true,"href":"https:\/\/www.ernstbrunn-apotheke.at\/katalog\/wp-json\/wp\/v2\/product_tag?post=65609"}],"curies":[{"name":"wp","href":"https:\/\/api.w.org\/{rel}","templated":true}]}}