{"id":65553,"date":"2025-11-11T11:56:37","date_gmt":"2025-11-11T10:56:37","guid":{"rendered":"https:\/\/www.ernstbrunn-apotheke.at\/katalog\/produkt\/tryptophan-250mg-kapseln-2\/"},"modified":"2025-12-08T17:48:01","modified_gmt":"2025-12-08T16:48:01","slug":"tryptophan-250mg-kapseln-2","status":"publish","type":"product","link":"https:\/\/www.ernstbrunn-apotheke.at\/katalog\/produkt\/tryptophan-250mg-kapseln-2\/","title":{"rendered":"Tryptophan 250mg Kapseln"},"content":{"rendered":"<p>Gall Pharma Tryptophan 250 mg Kapseln 120 Stk. enthalten 250 mg L-Tryptophan in einer Hartgelatinekapsel. L-Tryptophan stellt die Ausgangssubstanz f\u00fcr Serotonin, einen Botenstoff des Gehirns, dar, der f\u00fcr innere Ruhe, Ausgeglichenheit und f\u00fcr Gl\u00fccksgef\u00fchle verantwortlich ist. Dieses Hormon stellt somit einen Stressregulator dar. Ihr teilweise schmerzlindernder Effekt k\u00f6nnte auch darin begr\u00fcndet sein, dass L-Tryptophan bei der Bildung von Serotonin mitwirkt. Ein Mangel kann zur Entwicklung von Depressionen und psychischen St\u00f6rungen f\u00fchren.<\/p>\n","protected":false},"excerpt":{"rendered":"<p>Gall Pharma Tryptophan 250 mg Kapseln 120 Stk. enthalten 250 mg L-Tryptophan in einer Hartgelatinekapsel. L-Tryptophan stellt die Ausgangssubstanz f\u00fcr Serotonin, einen Botenstoff des Gehirns, dar, der f\u00fcr innere Ruhe, Ausgeglichenheit und f\u00fcr Gl\u00fccksgef\u00fchle verantwortlich ist. Dieses Hormon stellt somit einen Stressregulator dar. Ihr teilweise schmerzlindernder Effekt k\u00f6nnte auch darin begr\u00fcndet sein, dass L-Tryptophan bei [&hellip;]<\/p>\n","protected":false},"featured_media":65555,"template":"","meta":{"_acf_changed":false},"product_brand":[371],"product_cat":[798],"product_tag":[],"class_list":{"0":"post-65553","1":"product","2":"type-product","3":"status-publish","4":"has-post-thumbnail","6":"product_brand-gall-pharma","7":"product_cat-t","8":"pa_packungsgroesse-120-stueck","10":"first","11":"instock","12":"shipping-taxable","13":"purchasable","14":"product-type-simple"},"acf":[],"_links":{"self":[{"href":"https:\/\/www.ernstbrunn-apotheke.at\/katalog\/wp-json\/wp\/v2\/product\/65553","targetHints":{"allow":["GET"]}}],"collection":[{"href":"https:\/\/www.ernstbrunn-apotheke.at\/katalog\/wp-json\/wp\/v2\/product"}],"about":[{"href":"https:\/\/www.ernstbrunn-apotheke.at\/katalog\/wp-json\/wp\/v2\/types\/product"}],"wp:featuredmedia":[{"embeddable":true,"href":"https:\/\/www.ernstbrunn-apotheke.at\/katalog\/wp-json\/wp\/v2\/media\/65555"}],"wp:attachment":[{"href":"https:\/\/www.ernstbrunn-apotheke.at\/katalog\/wp-json\/wp\/v2\/media?parent=65553"}],"wp:term":[{"taxonomy":"product_brand","embeddable":true,"href":"https:\/\/www.ernstbrunn-apotheke.at\/katalog\/wp-json\/wp\/v2\/product_brand?post=65553"},{"taxonomy":"product_cat","embeddable":true,"href":"https:\/\/www.ernstbrunn-apotheke.at\/katalog\/wp-json\/wp\/v2\/product_cat?post=65553"},{"taxonomy":"product_tag","embeddable":true,"href":"https:\/\/www.ernstbrunn-apotheke.at\/katalog\/wp-json\/wp\/v2\/product_tag?post=65553"}],"curies":[{"name":"wp","href":"https:\/\/api.w.org\/{rel}","templated":true}]}}