{"id":65506,"date":"2025-11-11T11:55:59","date_gmt":"2025-11-11T10:55:59","guid":{"rendered":"https:\/\/www.ernstbrunn-apotheke.at\/katalog\/produkt\/gum-hydral-zahnpaste-75-ml\/"},"modified":"2025-12-08T17:47:42","modified_gmt":"2025-12-08T16:47:42","slug":"gum-hydral-zahnpaste-75-ml","status":"publish","type":"product","link":"https:\/\/www.ernstbrunn-apotheke.at\/katalog\/produkt\/gum-hydral-zahnpaste-75-ml\/","title":{"rendered":"Gum Hydral Zahnpaste 75 ml"},"content":{"rendered":"<p>Gum Hydral Zahnpaste ist eine sehr milde Zahnpasta zur t\u00e4glichen Pflege des empfindlichen Mundraums und der trockenen Mundschleimhaut. Die Paste ist besonders geeignet f\u00fcr anf\u00e4llige Personen, vor allem \u00e4lteren Menschen, da eine optimale Pflege von Z\u00e4hnen und Zahnfleisch bei Mundtrockenheit sehr wichtig ist. F\u00f6rdert die Remineralisation des Zahnschmelzes.<\/p>\n","protected":false},"excerpt":{"rendered":"<p>Gum Hydral Zahnpaste ist eine sehr milde Zahnpasta zur t\u00e4glichen Pflege des empfindlichen Mundraums und der trockenen Mundschleimhaut. Die Paste ist besonders geeignet f\u00fcr anf\u00e4llige Personen, vor allem \u00e4lteren Menschen, da eine optimale Pflege von Z\u00e4hnen und Zahnfleisch bei Mundtrockenheit sehr wichtig ist. F\u00f6rdert die Remineralisation des Zahnschmelzes.<\/p>\n","protected":false},"featured_media":65508,"template":"","meta":{"_acf_changed":false},"product_brand":[894],"product_cat":[810],"product_tag":[],"class_list":{"0":"post-65506","1":"product","2":"type-product","3":"status-publish","4":"has-post-thumbnail","6":"product_brand-g-u-m","7":"product_cat-g","8":"pa_packungsgroesse-75ml","10":"first","11":"instock","12":"shipping-taxable","13":"purchasable","14":"product-type-simple"},"acf":[],"_links":{"self":[{"href":"https:\/\/www.ernstbrunn-apotheke.at\/katalog\/wp-json\/wp\/v2\/product\/65506","targetHints":{"allow":["GET"]}}],"collection":[{"href":"https:\/\/www.ernstbrunn-apotheke.at\/katalog\/wp-json\/wp\/v2\/product"}],"about":[{"href":"https:\/\/www.ernstbrunn-apotheke.at\/katalog\/wp-json\/wp\/v2\/types\/product"}],"wp:featuredmedia":[{"embeddable":true,"href":"https:\/\/www.ernstbrunn-apotheke.at\/katalog\/wp-json\/wp\/v2\/media\/65508"}],"wp:attachment":[{"href":"https:\/\/www.ernstbrunn-apotheke.at\/katalog\/wp-json\/wp\/v2\/media?parent=65506"}],"wp:term":[{"taxonomy":"product_brand","embeddable":true,"href":"https:\/\/www.ernstbrunn-apotheke.at\/katalog\/wp-json\/wp\/v2\/product_brand?post=65506"},{"taxonomy":"product_cat","embeddable":true,"href":"https:\/\/www.ernstbrunn-apotheke.at\/katalog\/wp-json\/wp\/v2\/product_cat?post=65506"},{"taxonomy":"product_tag","embeddable":true,"href":"https:\/\/www.ernstbrunn-apotheke.at\/katalog\/wp-json\/wp\/v2\/product_tag?post=65506"}],"curies":[{"name":"wp","href":"https:\/\/api.w.org\/{rel}","templated":true}]}}