{"id":65486,"date":"2025-11-11T11:55:59","date_gmt":"2025-11-11T10:55:59","guid":{"rendered":"https:\/\/www.ernstbrunn-apotheke.at\/katalog\/produkt\/biobee-boisson-trinkampulle-20-stk-cellactive\/"},"modified":"2025-12-08T17:47:34","modified_gmt":"2025-12-08T16:47:34","slug":"biobee-boisson-trinkampulle-20-stk-cellactive","status":"publish","type":"product","link":"https:\/\/www.ernstbrunn-apotheke.at\/katalog\/produkt\/biobee-boisson-trinkampulle-20-stk-cellactive\/","title":{"rendered":"Biobee Boisson Trinkampulle 20 Stk. Cellactive"},"content":{"rendered":"<p>Bio Bee Boisson Cellactive Trinkampullen liefern lebenswichtige Bausteine aus dem Reich der Bienen und nicht zuletzt aus der allumfassenden Natur. Dieses Vitalstoffpaket ist eine wichtige Ressource aus der Natur f\u00fcr Zeiten von erh\u00f6hter Anforderung. Diese Kombination wird noch erg\u00e4nzt mit dem Vitalpilz Ling Zhi, auch als Reishi bekannt<\/p>\n","protected":false},"excerpt":{"rendered":"<p>Bio Bee Boisson Cellactive Trinkampullen liefern lebenswichtige Bausteine aus dem Reich der Bienen und nicht zuletzt aus der allumfassenden Natur. Dieses Vitalstoffpaket ist eine wichtige Ressource aus der Natur f\u00fcr Zeiten von erh\u00f6hter Anforderung. Diese Kombination wird noch erg\u00e4nzt mit dem Vitalpilz Ling Zhi, auch als Reishi bekannt<\/p>\n","protected":false},"featured_media":65488,"template":"","meta":{"_acf_changed":false},"product_brand":[],"product_cat":[802],"product_tag":[],"class_list":{"0":"post-65486","1":"product","2":"type-product","3":"status-publish","4":"has-post-thumbnail","6":"product_cat-b","7":"pa_geschmack-bitter-suess","8":"pa_packungsgroesse-20-stueck","10":"first","11":"instock","12":"shipping-taxable","13":"purchasable","14":"product-type-simple"},"acf":[],"_links":{"self":[{"href":"https:\/\/www.ernstbrunn-apotheke.at\/katalog\/wp-json\/wp\/v2\/product\/65486","targetHints":{"allow":["GET"]}}],"collection":[{"href":"https:\/\/www.ernstbrunn-apotheke.at\/katalog\/wp-json\/wp\/v2\/product"}],"about":[{"href":"https:\/\/www.ernstbrunn-apotheke.at\/katalog\/wp-json\/wp\/v2\/types\/product"}],"wp:featuredmedia":[{"embeddable":true,"href":"https:\/\/www.ernstbrunn-apotheke.at\/katalog\/wp-json\/wp\/v2\/media\/65488"}],"wp:attachment":[{"href":"https:\/\/www.ernstbrunn-apotheke.at\/katalog\/wp-json\/wp\/v2\/media?parent=65486"}],"wp:term":[{"taxonomy":"product_brand","embeddable":true,"href":"https:\/\/www.ernstbrunn-apotheke.at\/katalog\/wp-json\/wp\/v2\/product_brand?post=65486"},{"taxonomy":"product_cat","embeddable":true,"href":"https:\/\/www.ernstbrunn-apotheke.at\/katalog\/wp-json\/wp\/v2\/product_cat?post=65486"},{"taxonomy":"product_tag","embeddable":true,"href":"https:\/\/www.ernstbrunn-apotheke.at\/katalog\/wp-json\/wp\/v2\/product_tag?post=65486"}],"curies":[{"name":"wp","href":"https:\/\/api.w.org\/{rel}","templated":true}]}}