{"id":65312,"date":"2025-11-11T11:52:12","date_gmt":"2025-11-11T10:52:12","guid":{"rendered":"https:\/\/www.ernstbrunn-apotheke.at\/katalog\/produkt\/tetesept-femi-baby-60-stk\/"},"modified":"2025-12-08T17:46:34","modified_gmt":"2025-12-08T16:46:34","slug":"tetesept-femi-baby-60-stk","status":"publish","type":"product","link":"https:\/\/www.ernstbrunn-apotheke.at\/katalog\/produkt\/tetesept-femi-baby-60-stk\/","title":{"rendered":"Tetesept Femi Baby 60 Stk."},"content":{"rendered":"<p>Tetesept Femi Baby enth\u00e4lt Fols\u00e4ure, Eisen, Magnesium, DHA und Jod, sowie 11 weitere Vitamine und Mineralstoffe f\u00fcr eine umfassende Versorgung von Frauen mit Kinderwunsch, Schwangere und Stillende. Das Nahrugserg\u00e4nzungsmittel tr\u00e4gt zum Wachstum des m\u00fctterlichen Gewebes w\u00e4hrend der Schwangerschaft bei und unterst\u00fctzt dank Fols\u00e4uredie normale Bildung roter Blutk\u00f6rperchen und den Sauerstofftransportim K\u00f6rper. Eisen und DHA sorgen f\u00fcr die normale Entwicklung des Gehirns und der Sehkraft.<\/p>\n","protected":false},"excerpt":{"rendered":"<p>Tetesept Femi Baby enth\u00e4lt Fols\u00e4ure, Eisen, Magnesium, DHA und Jod, sowie 11 weitere Vitamine und Mineralstoffe f\u00fcr eine umfassende Versorgung von Frauen mit Kinderwunsch, Schwangere und Stillende. Das Nahrugserg\u00e4nzungsmittel tr\u00e4gt zum Wachstum des m\u00fctterlichen Gewebes w\u00e4hrend der Schwangerschaft bei und unterst\u00fctzt dank Fols\u00e4uredie normale Bildung roter Blutk\u00f6rperchen und den Sauerstofftransportim K\u00f6rper. Eisen und DHA sorgen [&hellip;]<\/p>\n","protected":false},"featured_media":65314,"template":"","meta":{"_acf_changed":false},"product_brand":[487],"product_cat":[798],"product_tag":[],"class_list":{"0":"post-65312","1":"product","2":"type-product","3":"status-publish","4":"has-post-thumbnail","6":"product_brand-tetesept","7":"product_cat-t","8":"pa_packungsgroesse-60-stueck","10":"first","11":"instock","12":"shipping-taxable","13":"purchasable","14":"product-type-simple"},"acf":[],"_links":{"self":[{"href":"https:\/\/www.ernstbrunn-apotheke.at\/katalog\/wp-json\/wp\/v2\/product\/65312","targetHints":{"allow":["GET"]}}],"collection":[{"href":"https:\/\/www.ernstbrunn-apotheke.at\/katalog\/wp-json\/wp\/v2\/product"}],"about":[{"href":"https:\/\/www.ernstbrunn-apotheke.at\/katalog\/wp-json\/wp\/v2\/types\/product"}],"wp:featuredmedia":[{"embeddable":true,"href":"https:\/\/www.ernstbrunn-apotheke.at\/katalog\/wp-json\/wp\/v2\/media\/65314"}],"wp:attachment":[{"href":"https:\/\/www.ernstbrunn-apotheke.at\/katalog\/wp-json\/wp\/v2\/media?parent=65312"}],"wp:term":[{"taxonomy":"product_brand","embeddable":true,"href":"https:\/\/www.ernstbrunn-apotheke.at\/katalog\/wp-json\/wp\/v2\/product_brand?post=65312"},{"taxonomy":"product_cat","embeddable":true,"href":"https:\/\/www.ernstbrunn-apotheke.at\/katalog\/wp-json\/wp\/v2\/product_cat?post=65312"},{"taxonomy":"product_tag","embeddable":true,"href":"https:\/\/www.ernstbrunn-apotheke.at\/katalog\/wp-json\/wp\/v2\/product_tag?post=65312"}],"curies":[{"name":"wp","href":"https:\/\/api.w.org\/{rel}","templated":true}]}}