{"id":65267,"date":"2025-11-11T11:51:35","date_gmt":"2025-11-11T10:51:35","guid":{"rendered":"https:\/\/www.ernstbrunn-apotheke.at\/katalog\/produkt\/dr-jacobs-aronia-elixier-mit-milchsaeure-500-ml\/"},"modified":"2025-12-08T17:46:15","modified_gmt":"2025-12-08T16:46:15","slug":"dr-jacobs-aronia-elixier-mit-milchsaeure-500-ml","status":"publish","type":"product","link":"https:\/\/www.ernstbrunn-apotheke.at\/katalog\/produkt\/dr-jacobs-aronia-elixier-mit-milchsaeure-500-ml\/","title":{"rendered":"Dr. Jacobs Aronia-Elixier mit Milchs\u00e4ure 500 ml"},"content":{"rendered":"<p>Dr. Jacob\u2019s Aronia-Elixier mit Milchs\u00e4ure ist ein fruchtig-aromatisches Beerenkonzentrat aus Aronia-, Holunderbeeren, Habegbutte und Acerola. Es enth\u00e4lt 13 % rechtsdrehende Milchs\u00e4ure aus Naturfermentation und 30 erlesene Kr\u00e4uter. Die Herstellung erfolgt ohne Zusatz von k\u00fcnstlichen Aromen und zus\u00e4tzlichem Zucker<\/p>\n","protected":false},"excerpt":{"rendered":"<p>Dr. Jacob\u2019s Aronia-Elixier mit Milchs\u00e4ure ist ein fruchtig-aromatisches Beerenkonzentrat aus Aronia-, Holunderbeeren, Habegbutte und Acerola. Es enth\u00e4lt 13 % rechtsdrehende Milchs\u00e4ure aus Naturfermentation und 30 erlesene Kr\u00e4uter. Die Herstellung erfolgt ohne Zusatz von k\u00fcnstlichen Aromen und zus\u00e4tzlichem Zucker<\/p>\n","protected":false},"featured_media":65269,"template":"","meta":{"_acf_changed":false},"product_brand":[433],"product_cat":[792],"product_tag":[],"class_list":{"0":"post-65267","1":"product","2":"type-product","3":"status-publish","4":"has-post-thumbnail","6":"product_brand-dr-jacobs","7":"product_cat-d","8":"pa_packungsgroesse-500ml","10":"first","11":"instock","12":"shipping-taxable","13":"purchasable","14":"product-type-simple"},"acf":[],"_links":{"self":[{"href":"https:\/\/www.ernstbrunn-apotheke.at\/katalog\/wp-json\/wp\/v2\/product\/65267","targetHints":{"allow":["GET"]}}],"collection":[{"href":"https:\/\/www.ernstbrunn-apotheke.at\/katalog\/wp-json\/wp\/v2\/product"}],"about":[{"href":"https:\/\/www.ernstbrunn-apotheke.at\/katalog\/wp-json\/wp\/v2\/types\/product"}],"wp:featuredmedia":[{"embeddable":true,"href":"https:\/\/www.ernstbrunn-apotheke.at\/katalog\/wp-json\/wp\/v2\/media\/65269"}],"wp:attachment":[{"href":"https:\/\/www.ernstbrunn-apotheke.at\/katalog\/wp-json\/wp\/v2\/media?parent=65267"}],"wp:term":[{"taxonomy":"product_brand","embeddable":true,"href":"https:\/\/www.ernstbrunn-apotheke.at\/katalog\/wp-json\/wp\/v2\/product_brand?post=65267"},{"taxonomy":"product_cat","embeddable":true,"href":"https:\/\/www.ernstbrunn-apotheke.at\/katalog\/wp-json\/wp\/v2\/product_cat?post=65267"},{"taxonomy":"product_tag","embeddable":true,"href":"https:\/\/www.ernstbrunn-apotheke.at\/katalog\/wp-json\/wp\/v2\/product_tag?post=65267"}],"curies":[{"name":"wp","href":"https:\/\/api.w.org\/{rel}","templated":true}]}}