{"id":65200,"date":"2025-11-11T11:50:19","date_gmt":"2025-11-11T10:50:19","guid":{"rendered":"https:\/\/www.ernstbrunn-apotheke.at\/katalog\/produkt\/chiasam-bio-5-jahreszeiten-200-g\/"},"modified":"2025-12-08T17:45:54","modified_gmt":"2025-12-08T16:45:54","slug":"chiasam-bio-5-jahreszeiten-200-g","status":"publish","type":"product","link":"https:\/\/www.ernstbrunn-apotheke.at\/katalog\/produkt\/chiasam-bio-5-jahreszeiten-200-g\/","title":{"rendered":"Chiasam Bio 5 Jahreszeiten 200 g"},"content":{"rendered":"<p>Chiasamen Bio 5 Jahreszeiten ist eine der wertvollsten Quellen von gesunden Fetten. Das reichliche Vorkommen an den gesunden Fetts\u00e4uren hilft bei der Erhaltung eines normalen Cholesterinspiegels und in Folge dessen kann sich das Risiko von Gef\u00e4\u00dferkrankungen und Herz-Kreislauf-Krankheiten reduzieren. Zudem tragen Omega-3-Fetts\u00e4uren zur Erhaltung einer normalen Gehirnfunktion und Sehkraft bei.<\/p>\n","protected":false},"excerpt":{"rendered":"<p>Chiasamen Bio 5 Jahreszeiten ist eine der wertvollsten Quellen von gesunden Fetten. Das reichliche Vorkommen an den gesunden Fetts\u00e4uren hilft bei der Erhaltung eines normalen Cholesterinspiegels und in Folge dessen kann sich das Risiko von Gef\u00e4\u00dferkrankungen und Herz-Kreislauf-Krankheiten reduzieren. Zudem tragen Omega-3-Fetts\u00e4uren zur Erhaltung einer normalen Gehirnfunktion und Sehkraft bei.<\/p>\n","protected":false},"featured_media":65202,"template":"","meta":{"_acf_changed":false},"product_brand":[],"product_cat":[812],"product_tag":[],"class_list":{"0":"post-65200","1":"product","2":"type-product","3":"status-publish","4":"has-post-thumbnail","6":"product_cat-c","7":"pa_packungsgroesse-250g","9":"first","10":"instock","11":"shipping-taxable","12":"purchasable","13":"product-type-simple"},"acf":[],"_links":{"self":[{"href":"https:\/\/www.ernstbrunn-apotheke.at\/katalog\/wp-json\/wp\/v2\/product\/65200","targetHints":{"allow":["GET"]}}],"collection":[{"href":"https:\/\/www.ernstbrunn-apotheke.at\/katalog\/wp-json\/wp\/v2\/product"}],"about":[{"href":"https:\/\/www.ernstbrunn-apotheke.at\/katalog\/wp-json\/wp\/v2\/types\/product"}],"wp:featuredmedia":[{"embeddable":true,"href":"https:\/\/www.ernstbrunn-apotheke.at\/katalog\/wp-json\/wp\/v2\/media\/65202"}],"wp:attachment":[{"href":"https:\/\/www.ernstbrunn-apotheke.at\/katalog\/wp-json\/wp\/v2\/media?parent=65200"}],"wp:term":[{"taxonomy":"product_brand","embeddable":true,"href":"https:\/\/www.ernstbrunn-apotheke.at\/katalog\/wp-json\/wp\/v2\/product_brand?post=65200"},{"taxonomy":"product_cat","embeddable":true,"href":"https:\/\/www.ernstbrunn-apotheke.at\/katalog\/wp-json\/wp\/v2\/product_cat?post=65200"},{"taxonomy":"product_tag","embeddable":true,"href":"https:\/\/www.ernstbrunn-apotheke.at\/katalog\/wp-json\/wp\/v2\/product_tag?post=65200"}],"curies":[{"name":"wp","href":"https:\/\/api.w.org\/{rel}","templated":true}]}}