{"id":65162,"date":"2025-11-11T11:49:17","date_gmt":"2025-11-11T10:49:17","guid":{"rendered":"https:\/\/www.ernstbrunn-apotheke.at\/katalog\/produkt\/floradix-plus-eisen-tonikum-fuer-kinder\/"},"modified":"2025-12-08T17:45:44","modified_gmt":"2025-12-08T16:45:44","slug":"floradix-plus-eisen-tonikum-fuer-kinder","status":"publish","type":"product","link":"https:\/\/www.ernstbrunn-apotheke.at\/katalog\/produkt\/floradix-plus-eisen-tonikum-fuer-kinder\/","title":{"rendered":"Floradix plus Eisen Tonikum f\u00fcr Kinder"},"content":{"rendered":"<p>Seit vielen Jahren besch\u00e4ftigt sich Gall Pharma mit einem sehr engagierten Team mit der Technologie und Herstellung qualitativ hochwertiger Nahrungserg\u00e4nzungsmittel. Das Unternehmen Gall Pharma, mit Sitz in Judenburg, kann auf eine langj\u00e4hrige Erfahrung im Apothekerwesen zur\u00fcckgreifen  jetzt mit hohem Rabatt bestellen!<\/p>\n","protected":false},"excerpt":{"rendered":"<p>Seit vielen Jahren besch\u00e4ftigt sich Gall Pharma mit einem sehr engagierten Team mit der Technologie und Herstellung qualitativ hochwertiger Nahrungserg\u00e4nzungsmittel. Das Unternehmen Gall Pharma, mit Sitz in Judenburg, kann auf eine langj\u00e4hrige Erfahrung im Apothekerwesen zur\u00fcckgreifen jetzt mit hohem Rabatt bestellen!<\/p>\n","protected":false},"featured_media":65164,"template":"","meta":{"_acf_changed":false},"product_brand":[1060],"product_cat":[809],"product_tag":[],"class_list":{"0":"post-65162","1":"product","2":"type-product","3":"status-publish","4":"has-post-thumbnail","6":"product_brand-floradix","7":"product_cat-f","8":"pa_packungsgroesse-250ml","10":"first","11":"instock","12":"shipping-taxable","13":"purchasable","14":"product-type-simple"},"acf":[],"_links":{"self":[{"href":"https:\/\/www.ernstbrunn-apotheke.at\/katalog\/wp-json\/wp\/v2\/product\/65162","targetHints":{"allow":["GET"]}}],"collection":[{"href":"https:\/\/www.ernstbrunn-apotheke.at\/katalog\/wp-json\/wp\/v2\/product"}],"about":[{"href":"https:\/\/www.ernstbrunn-apotheke.at\/katalog\/wp-json\/wp\/v2\/types\/product"}],"wp:featuredmedia":[{"embeddable":true,"href":"https:\/\/www.ernstbrunn-apotheke.at\/katalog\/wp-json\/wp\/v2\/media\/65164"}],"wp:attachment":[{"href":"https:\/\/www.ernstbrunn-apotheke.at\/katalog\/wp-json\/wp\/v2\/media?parent=65162"}],"wp:term":[{"taxonomy":"product_brand","embeddable":true,"href":"https:\/\/www.ernstbrunn-apotheke.at\/katalog\/wp-json\/wp\/v2\/product_brand?post=65162"},{"taxonomy":"product_cat","embeddable":true,"href":"https:\/\/www.ernstbrunn-apotheke.at\/katalog\/wp-json\/wp\/v2\/product_cat?post=65162"},{"taxonomy":"product_tag","embeddable":true,"href":"https:\/\/www.ernstbrunn-apotheke.at\/katalog\/wp-json\/wp\/v2\/product_tag?post=65162"}],"curies":[{"name":"wp","href":"https:\/\/api.w.org\/{rel}","templated":true}]}}