{"id":65142,"date":"2025-11-11T11:49:17","date_gmt":"2025-11-11T10:49:17","guid":{"rendered":"https:\/\/www.ernstbrunn-apotheke.at\/katalog\/produkt\/gall-pharma-magnesium-orotat-kapseln-550mg-90-stk\/"},"modified":"2025-12-08T17:45:40","modified_gmt":"2025-12-08T16:45:40","slug":"gall-pharma-magnesium-orotat-kapseln-550mg-90-stk","status":"publish","type":"product","link":"https:\/\/www.ernstbrunn-apotheke.at\/katalog\/produkt\/gall-pharma-magnesium-orotat-kapseln-550mg-90-stk\/","title":{"rendered":"Gall Pharma Magnesium Orotat Kapseln 550mg 90 Stk."},"content":{"rendered":"<p>Magnesiumorotat 550 mg GPH Kapseln enthalten 550 mg Magnesiumorotat, das 35 mg elementaren Magnesium entspricht. Magnesium ist ein lebenswichtiger Mineralstoff, der an vielen Stoffwechselvorg\u00e4ngen und der Reiz\u00fcbertragung im K\u00f6rper beteiligt ist. Einen Gro\u00dfteil des Magnesiums lagert der K\u00f6rper in Knochen und Muskeln.<\/p>\n","protected":false},"excerpt":{"rendered":"<p>Magnesiumorotat 550 mg GPH Kapseln enthalten 550 mg Magnesiumorotat, das 35 mg elementaren Magnesium entspricht. Magnesium ist ein lebenswichtiger Mineralstoff, der an vielen Stoffwechselvorg\u00e4ngen und der Reiz\u00fcbertragung im K\u00f6rper beteiligt ist. Einen Gro\u00dfteil des Magnesiums lagert der K\u00f6rper in Knochen und Muskeln.<\/p>\n","protected":false},"featured_media":65144,"template":"","meta":{"_acf_changed":false},"product_brand":[371],"product_cat":[810],"product_tag":[],"class_list":{"0":"post-65142","1":"product","2":"type-product","3":"status-publish","4":"has-post-thumbnail","6":"product_brand-gall-pharma","7":"product_cat-g","8":"pa_packungsgroesse-90-stueck","10":"first","11":"instock","12":"shipping-taxable","13":"purchasable","14":"product-type-simple"},"acf":[],"_links":{"self":[{"href":"https:\/\/www.ernstbrunn-apotheke.at\/katalog\/wp-json\/wp\/v2\/product\/65142","targetHints":{"allow":["GET"]}}],"collection":[{"href":"https:\/\/www.ernstbrunn-apotheke.at\/katalog\/wp-json\/wp\/v2\/product"}],"about":[{"href":"https:\/\/www.ernstbrunn-apotheke.at\/katalog\/wp-json\/wp\/v2\/types\/product"}],"wp:featuredmedia":[{"embeddable":true,"href":"https:\/\/www.ernstbrunn-apotheke.at\/katalog\/wp-json\/wp\/v2\/media\/65144"}],"wp:attachment":[{"href":"https:\/\/www.ernstbrunn-apotheke.at\/katalog\/wp-json\/wp\/v2\/media?parent=65142"}],"wp:term":[{"taxonomy":"product_brand","embeddable":true,"href":"https:\/\/www.ernstbrunn-apotheke.at\/katalog\/wp-json\/wp\/v2\/product_brand?post=65142"},{"taxonomy":"product_cat","embeddable":true,"href":"https:\/\/www.ernstbrunn-apotheke.at\/katalog\/wp-json\/wp\/v2\/product_cat?post=65142"},{"taxonomy":"product_tag","embeddable":true,"href":"https:\/\/www.ernstbrunn-apotheke.at\/katalog\/wp-json\/wp\/v2\/product_tag?post=65142"}],"curies":[{"name":"wp","href":"https:\/\/api.w.org\/{rel}","templated":true}]}}