{"id":65119,"date":"2025-11-11T11:48:47","date_gmt":"2025-11-11T10:48:47","guid":{"rendered":"https:\/\/www.ernstbrunn-apotheke.at\/katalog\/produkt\/phyto-phytodensia-plumping-serum-30-ml\/"},"modified":"2025-12-08T17:45:25","modified_gmt":"2025-12-08T16:45:25","slug":"phyto-phytodensia-plumping-serum-30-ml","status":"publish","type":"product","link":"https:\/\/www.ernstbrunn-apotheke.at\/katalog\/produkt\/phyto-phytodensia-plumping-serum-30-ml\/","title":{"rendered":"Phyto Phytodensia Plumping Serum 30 ml"},"content":{"rendered":"<p>Phyto Phytodensia Plumping Serum ist ein Leave-in Serum, das speziell f\u00fcr die Pflege von ausged\u00fcnntem und devitalisiertem Haar entwickelt wurde. Dieses Serum besteht aus Vernonia und Traubenextrakt in Kombination mit einem Vitaminpeptid, das auf die extrazellul\u00e4re Matrix der Kopfhaut wirkt und das Wachstum von kraftvollem Haar f\u00f6rdert. Es enth\u00e4lt auch Hyalurons\u00e4ure und Akazienkollagen, die die Formel bereichern und die Haarfaser umh\u00fcllen. Seine nicht fettende Textur l\u00e4sst sich leicht auftragen und stimuliert die Kopfhaut. Tag f\u00fcr Tag ist Ihr Haar st\u00e4rker, widerstandsf\u00e4higer und gewinnt seinen jugendlichen Glanz zur\u00fcck.<\/p>\n","protected":false},"excerpt":{"rendered":"<p>Phyto Phytodensia Plumping Serum ist ein Leave-in Serum, das speziell f\u00fcr die Pflege von ausged\u00fcnntem und devitalisiertem Haar entwickelt wurde. Dieses Serum besteht aus Vernonia und Traubenextrakt in Kombination mit einem Vitaminpeptid, das auf die extrazellul\u00e4re Matrix der Kopfhaut wirkt und das Wachstum von kraftvollem Haar f\u00f6rdert. Es enth\u00e4lt auch Hyalurons\u00e4ure und Akazienkollagen, die die [&hellip;]<\/p>\n","protected":false},"featured_media":65121,"template":"","meta":{"_acf_changed":false},"product_brand":[732],"product_cat":[793],"product_tag":[],"class_list":{"0":"post-65119","1":"product","2":"type-product","3":"status-publish","4":"has-post-thumbnail","6":"product_brand-phyto","7":"product_cat-p","8":"pa_packungsgroesse-30ml","10":"first","11":"instock","12":"shipping-taxable","13":"purchasable","14":"product-type-simple"},"acf":[],"_links":{"self":[{"href":"https:\/\/www.ernstbrunn-apotheke.at\/katalog\/wp-json\/wp\/v2\/product\/65119","targetHints":{"allow":["GET"]}}],"collection":[{"href":"https:\/\/www.ernstbrunn-apotheke.at\/katalog\/wp-json\/wp\/v2\/product"}],"about":[{"href":"https:\/\/www.ernstbrunn-apotheke.at\/katalog\/wp-json\/wp\/v2\/types\/product"}],"wp:featuredmedia":[{"embeddable":true,"href":"https:\/\/www.ernstbrunn-apotheke.at\/katalog\/wp-json\/wp\/v2\/media\/65121"}],"wp:attachment":[{"href":"https:\/\/www.ernstbrunn-apotheke.at\/katalog\/wp-json\/wp\/v2\/media?parent=65119"}],"wp:term":[{"taxonomy":"product_brand","embeddable":true,"href":"https:\/\/www.ernstbrunn-apotheke.at\/katalog\/wp-json\/wp\/v2\/product_brand?post=65119"},{"taxonomy":"product_cat","embeddable":true,"href":"https:\/\/www.ernstbrunn-apotheke.at\/katalog\/wp-json\/wp\/v2\/product_cat?post=65119"},{"taxonomy":"product_tag","embeddable":true,"href":"https:\/\/www.ernstbrunn-apotheke.at\/katalog\/wp-json\/wp\/v2\/product_tag?post=65119"}],"curies":[{"name":"wp","href":"https:\/\/api.w.org\/{rel}","templated":true}]}}