{"id":65098,"date":"2025-11-11T11:48:08","date_gmt":"2025-11-11T10:48:08","guid":{"rendered":"https:\/\/www.ernstbrunn-apotheke.at\/katalog\/produkt\/varihesive-extra-duenn-10-stk-9-x-15-cm\/"},"modified":"2025-12-08T17:45:17","modified_gmt":"2025-12-08T16:45:17","slug":"varihesive-extra-duenn-10-stk-9-x-15-cm","status":"publish","type":"product","link":"https:\/\/www.ernstbrunn-apotheke.at\/katalog\/produkt\/varihesive-extra-duenn-10-stk-9-x-15-cm\/","title":{"rendered":"Varihesive extra d\u00fcnn 10 Stk. 9 x 15 cm"},"content":{"rendered":"<p>Varihesive extra d\u00fcnn wurde speziell zur Verringerung des Risikos weiterer Hautsch\u00e4den durch Reibung entwickelt. Varihesive extra d\u00fcnn ist als prim\u00e4rer Hydrokolloid-Wundverband f\u00fcr trockene bis leicht exsudierende Wunden einsetzbar.<\/p>\n","protected":false},"excerpt":{"rendered":"<p>Varihesive extra d\u00fcnn wurde speziell zur Verringerung des Risikos weiterer Hautsch\u00e4den durch Reibung entwickelt. Varihesive extra d\u00fcnn ist als prim\u00e4rer Hydrokolloid-Wundverband f\u00fcr trockene bis leicht exsudierende Wunden einsetzbar.<\/p>\n","protected":false},"featured_media":0,"template":"","meta":{"_acf_changed":false},"product_brand":[],"product_cat":[799],"product_tag":[],"class_list":{"0":"post-65098","1":"product","2":"type-product","3":"status-publish","5":"product_cat-v","6":"pa_packungsgroesse-10-stueck","8":"first","9":"instock","10":"shipping-taxable","11":"purchasable","12":"product-type-simple"},"acf":[],"_links":{"self":[{"href":"https:\/\/www.ernstbrunn-apotheke.at\/katalog\/wp-json\/wp\/v2\/product\/65098","targetHints":{"allow":["GET"]}}],"collection":[{"href":"https:\/\/www.ernstbrunn-apotheke.at\/katalog\/wp-json\/wp\/v2\/product"}],"about":[{"href":"https:\/\/www.ernstbrunn-apotheke.at\/katalog\/wp-json\/wp\/v2\/types\/product"}],"wp:attachment":[{"href":"https:\/\/www.ernstbrunn-apotheke.at\/katalog\/wp-json\/wp\/v2\/media?parent=65098"}],"wp:term":[{"taxonomy":"product_brand","embeddable":true,"href":"https:\/\/www.ernstbrunn-apotheke.at\/katalog\/wp-json\/wp\/v2\/product_brand?post=65098"},{"taxonomy":"product_cat","embeddable":true,"href":"https:\/\/www.ernstbrunn-apotheke.at\/katalog\/wp-json\/wp\/v2\/product_cat?post=65098"},{"taxonomy":"product_tag","embeddable":true,"href":"https:\/\/www.ernstbrunn-apotheke.at\/katalog\/wp-json\/wp\/v2\/product_tag?post=65098"}],"curies":[{"name":"wp","href":"https:\/\/api.w.org\/{rel}","templated":true}]}}