{"id":65029,"date":"2025-11-11T11:47:04","date_gmt":"2025-11-11T10:47:04","guid":{"rendered":"https:\/\/www.ernstbrunn-apotheke.at\/katalog\/produkt\/marly-skin-hautschutzschaum-100-ml\/"},"modified":"2025-12-08T17:44:53","modified_gmt":"2025-12-08T16:44:53","slug":"marly-skin-hautschutzschaum-100-ml","status":"publish","type":"product","link":"https:\/\/www.ernstbrunn-apotheke.at\/katalog\/produkt\/marly-skin-hautschutzschaum-100-ml\/","title":{"rendered":"Marly Skin Hautschutzschaum 100 ml"},"content":{"rendered":"<p>MARLYSKIN -Das Original- Hautschutzschaum mit dem einzigartigen Wirkprinzip, demSchutz IN der Haut, nicht auf der Haut. Schutzbarriere gegen Schadstoffe,Reizstoffe, Kontaktallergene. Klinisch und dermatologisch best\u00e4tigt. MARLY SKINHautschutzschaum zieht in die Haut ein und bildet einen unsichtbaren Schutz INder Haut vor Irritationen durch Schadstoffe, Reizstoffe und Kontaktallergene.MARLY SKIN sch\u00fctzt die Haut beim Umgang mit z.B. Chemikalien,Desinfektionsmittel, Reinigungs- und L\u00f6sungsmittel, K\u00fchlschmierstoffe, St\u00e4ube,\u00d6le, Kleber, Farben, Lacke, Epoxidharze, Schmutz, Sekrete, Sputum, Harn undKontaktallergenen. Verhindert Probleme beim Tragen von Untersuchungs- undArbeitshandschuhen, bei h\u00e4ufiger Reinigung und Feuchtarbeit. ZurInkontinenzversorgung und Dekubitusprophylaxe. Erleichtert die Hautreinigungbei starker Verschmutzung. MARLY SKIN zieht schnell ein, schmiert und fettet nicht.Tastempfinden und Griffigkeit bleiben erhalten. Konstanter Hautschutz \u00fcber 4Stunden. Geeignet bei der Herstellung und beim Umgang mit Lebensmitteln. F\u00fcrdie Anwendung am K\u00f6rper und im Gesicht. Nur zur \u00e4u\u00dferen Anwendung bestimmt.Ersetzt keine verbindlich vorgeschriebenen Arbeitsschutzma\u00dfnahmen.<\/p>\n","protected":false},"excerpt":{"rendered":"<p>MARLYSKIN -Das Original- Hautschutzschaum mit dem einzigartigen Wirkprinzip, demSchutz IN der Haut, nicht auf der Haut. Schutzbarriere gegen Schadstoffe,Reizstoffe, Kontaktallergene. Klinisch und dermatologisch best\u00e4tigt. MARLY SKINHautschutzschaum zieht in die Haut ein und bildet einen unsichtbaren Schutz INder Haut vor Irritationen durch Schadstoffe, Reizstoffe und Kontaktallergene.MARLY SKIN sch\u00fctzt die Haut beim Umgang mit z.B. Chemikalien,Desinfektionsmittel, Reinigungs- [&hellip;]<\/p>\n","protected":false},"featured_media":65031,"template":"","meta":{"_acf_changed":false},"product_brand":[],"product_cat":[800],"product_tag":[],"class_list":{"0":"post-65029","1":"product","2":"type-product","3":"status-publish","4":"has-post-thumbnail","6":"product_cat-m","7":"pa_farbe-weisser-schaum","8":"pa_packungsgroesse-100ml","10":"first","11":"instock","12":"shipping-taxable","13":"purchasable","14":"product-type-simple"},"acf":[],"_links":{"self":[{"href":"https:\/\/www.ernstbrunn-apotheke.at\/katalog\/wp-json\/wp\/v2\/product\/65029","targetHints":{"allow":["GET"]}}],"collection":[{"href":"https:\/\/www.ernstbrunn-apotheke.at\/katalog\/wp-json\/wp\/v2\/product"}],"about":[{"href":"https:\/\/www.ernstbrunn-apotheke.at\/katalog\/wp-json\/wp\/v2\/types\/product"}],"wp:featuredmedia":[{"embeddable":true,"href":"https:\/\/www.ernstbrunn-apotheke.at\/katalog\/wp-json\/wp\/v2\/media\/65031"}],"wp:attachment":[{"href":"https:\/\/www.ernstbrunn-apotheke.at\/katalog\/wp-json\/wp\/v2\/media?parent=65029"}],"wp:term":[{"taxonomy":"product_brand","embeddable":true,"href":"https:\/\/www.ernstbrunn-apotheke.at\/katalog\/wp-json\/wp\/v2\/product_brand?post=65029"},{"taxonomy":"product_cat","embeddable":true,"href":"https:\/\/www.ernstbrunn-apotheke.at\/katalog\/wp-json\/wp\/v2\/product_cat?post=65029"},{"taxonomy":"product_tag","embeddable":true,"href":"https:\/\/www.ernstbrunn-apotheke.at\/katalog\/wp-json\/wp\/v2\/product_tag?post=65029"}],"curies":[{"name":"wp","href":"https:\/\/api.w.org\/{rel}","templated":true}]}}