{"id":65005,"date":"2025-11-11T11:47:04","date_gmt":"2025-11-11T10:47:04","guid":{"rendered":"https:\/\/www.ernstbrunn-apotheke.at\/katalog\/produkt\/burgit-fuss-deo-antitranspirant-175-ml\/"},"modified":"2025-12-08T17:44:45","modified_gmt":"2025-12-08T16:44:45","slug":"burgit-fuss-deo-antitranspirant-175-ml","status":"publish","type":"product","link":"https:\/\/www.ernstbrunn-apotheke.at\/katalog\/produkt\/burgit-fuss-deo-antitranspirant-175-ml\/","title":{"rendered":"Burgit Fu\u00df-Deo Antitranspirant 175 ml"},"content":{"rendered":"<p>Burgit Fu\u00df-Deo Antitranspirant mit praktischer wirktk\u00fchlend,  schwei\u00dfhemmend, und antibakteriell und ist somit die perfekte Hilfe gegen unangenehm riechende Schwei\u00dff\u00fc\u00dfe.<\/p>\n","protected":false},"excerpt":{"rendered":"<p>Burgit Fu\u00df-Deo Antitranspirant mit praktischer wirktk\u00fchlend, schwei\u00dfhemmend, und antibakteriell und ist somit die perfekte Hilfe gegen unangenehm riechende Schwei\u00dff\u00fc\u00dfe.<\/p>\n","protected":false},"featured_media":65007,"template":"","meta":{"_acf_changed":false},"product_brand":[739],"product_cat":[802],"product_tag":[],"class_list":{"0":"post-65005","1":"product","2":"type-product","3":"status-publish","4":"has-post-thumbnail","6":"product_brand-burgit","7":"product_cat-b","8":"pa_packungsgroesse-175ml","10":"first","11":"instock","12":"shipping-taxable","13":"purchasable","14":"product-type-simple"},"acf":[],"_links":{"self":[{"href":"https:\/\/www.ernstbrunn-apotheke.at\/katalog\/wp-json\/wp\/v2\/product\/65005","targetHints":{"allow":["GET"]}}],"collection":[{"href":"https:\/\/www.ernstbrunn-apotheke.at\/katalog\/wp-json\/wp\/v2\/product"}],"about":[{"href":"https:\/\/www.ernstbrunn-apotheke.at\/katalog\/wp-json\/wp\/v2\/types\/product"}],"wp:featuredmedia":[{"embeddable":true,"href":"https:\/\/www.ernstbrunn-apotheke.at\/katalog\/wp-json\/wp\/v2\/media\/65007"}],"wp:attachment":[{"href":"https:\/\/www.ernstbrunn-apotheke.at\/katalog\/wp-json\/wp\/v2\/media?parent=65005"}],"wp:term":[{"taxonomy":"product_brand","embeddable":true,"href":"https:\/\/www.ernstbrunn-apotheke.at\/katalog\/wp-json\/wp\/v2\/product_brand?post=65005"},{"taxonomy":"product_cat","embeddable":true,"href":"https:\/\/www.ernstbrunn-apotheke.at\/katalog\/wp-json\/wp\/v2\/product_cat?post=65005"},{"taxonomy":"product_tag","embeddable":true,"href":"https:\/\/www.ernstbrunn-apotheke.at\/katalog\/wp-json\/wp\/v2\/product_tag?post=65005"}],"curies":[{"name":"wp","href":"https:\/\/api.w.org\/{rel}","templated":true}]}}