{"id":64972,"date":"2025-11-11T11:45:56","date_gmt":"2025-11-11T10:45:56","guid":{"rendered":"https:\/\/www.ernstbrunn-apotheke.at\/katalog\/produkt\/nicapur-medibalance-pilco-kapseln-2\/"},"modified":"2025-12-08T17:44:37","modified_gmt":"2025-12-08T16:44:37","slug":"nicapur-medibalance-pilco-kapseln-2","status":"publish","type":"product","link":"https:\/\/www.ernstbrunn-apotheke.at\/katalog\/produkt\/nicapur-medibalance-pilco-kapseln-2\/","title":{"rendered":"Nicapur Medibalance Pilco Kapseln"},"content":{"rendered":"<p>Nimmt man die \u201ePille\u201c \u00fcber l\u00e4ngere Zeit zu sich, kann es zu einem Mangel an Vitamin B6 und Fols\u00e4ure kommen. Beide sind f\u00fcr eine normale Funktion der Psyche bedeutend. Ebenso erh\u00f6ht ist der Bedarf an Magnesium, Zink und an den Vitaminen C, B12 und B2. Im Pr\u00e4parat mediBalance PILCO sind genau jene N\u00e4hrstoffe enthalten, die bei Einnahme der \u201ePille\u201c gebraucht werden.<\/p>\n","protected":false},"excerpt":{"rendered":"<p>Nimmt man die \u201ePille\u201c \u00fcber l\u00e4ngere Zeit zu sich, kann es zu einem Mangel an Vitamin B6 und Fols\u00e4ure kommen. Beide sind f\u00fcr eine normale Funktion der Psyche bedeutend. Ebenso erh\u00f6ht ist der Bedarf an Magnesium, Zink und an den Vitaminen C, B12 und B2. Im Pr\u00e4parat mediBalance PILCO sind genau jene N\u00e4hrstoffe enthalten, die [&hellip;]<\/p>\n","protected":false},"featured_media":64974,"template":"","meta":{"_acf_changed":false},"product_brand":[352],"product_cat":[797],"product_tag":[],"class_list":{"0":"post-64972","1":"product","2":"type-product","3":"status-publish","4":"has-post-thumbnail","6":"product_brand-nicapur","7":"product_cat-n","8":"pa_packungsgroesse-90-stueck-3er-box","10":"first","11":"instock","12":"shipping-taxable","13":"purchasable","14":"product-type-simple"},"acf":[],"_links":{"self":[{"href":"https:\/\/www.ernstbrunn-apotheke.at\/katalog\/wp-json\/wp\/v2\/product\/64972","targetHints":{"allow":["GET"]}}],"collection":[{"href":"https:\/\/www.ernstbrunn-apotheke.at\/katalog\/wp-json\/wp\/v2\/product"}],"about":[{"href":"https:\/\/www.ernstbrunn-apotheke.at\/katalog\/wp-json\/wp\/v2\/types\/product"}],"wp:featuredmedia":[{"embeddable":true,"href":"https:\/\/www.ernstbrunn-apotheke.at\/katalog\/wp-json\/wp\/v2\/media\/64974"}],"wp:attachment":[{"href":"https:\/\/www.ernstbrunn-apotheke.at\/katalog\/wp-json\/wp\/v2\/media?parent=64972"}],"wp:term":[{"taxonomy":"product_brand","embeddable":true,"href":"https:\/\/www.ernstbrunn-apotheke.at\/katalog\/wp-json\/wp\/v2\/product_brand?post=64972"},{"taxonomy":"product_cat","embeddable":true,"href":"https:\/\/www.ernstbrunn-apotheke.at\/katalog\/wp-json\/wp\/v2\/product_cat?post=64972"},{"taxonomy":"product_tag","embeddable":true,"href":"https:\/\/www.ernstbrunn-apotheke.at\/katalog\/wp-json\/wp\/v2\/product_tag?post=64972"}],"curies":[{"name":"wp","href":"https:\/\/api.w.org\/{rel}","templated":true}]}}