{"id":64970,"date":"2025-11-11T11:45:56","date_gmt":"2025-11-11T10:45:56","guid":{"rendered":"https:\/\/www.ernstbrunn-apotheke.at\/katalog\/produkt\/hipp-sondennahrung-mit-pute-mais-karotte-milchfrei-12-stk\/"},"modified":"2025-12-08T17:44:36","modified_gmt":"2025-12-08T16:44:36","slug":"hipp-sondennahrung-mit-pute-mais-karotte-milchfrei-12-stk","status":"publish","type":"product","link":"https:\/\/www.ernstbrunn-apotheke.at\/katalog\/produkt\/hipp-sondennahrung-mit-pute-mais-karotte-milchfrei-12-stk\/","title":{"rendered":"Hipp Sondennahrung mit Pute, Mais &#038; Karotte milchfrei 12 Stk."},"content":{"rendered":"<p>Die Hipp Sondennahrung ist eine milchfreie, normkalorische und ballaststoffreiche Nahrung, die auf nat\u00fcrlichen Lebensmitteln basiert und mit zus\u00e4tzlichen Vitaminen, Mineral- und Ballaststoffen angereichert ist. Sie dient zur di\u00e4tetischen von Patienten mit eingeschr\u00e4nkter oder fehlender F\u00e4higkeit zur ausreichenden Nahrungsaufnahme und kann sowohl \u00fcber eine Sonde verabreicht, als auch getrunken werden. Geeignet f\u00fcr Erwachsene und Kleinkinder ab 1 Jahr &#8211; jetzt online mit 100% Sicherheit durch Kauf auf Rechnung bestellen!<\/p>\n","protected":false},"excerpt":{"rendered":"<p>Die Hipp Sondennahrung ist eine milchfreie, normkalorische und ballaststoffreiche Nahrung, die auf nat\u00fcrlichen Lebensmitteln basiert und mit zus\u00e4tzlichen Vitaminen, Mineral- und Ballaststoffen angereichert ist. Sie dient zur di\u00e4tetischen von Patienten mit eingeschr\u00e4nkter oder fehlender F\u00e4higkeit zur ausreichenden Nahrungsaufnahme und kann sowohl \u00fcber eine Sonde verabreicht, als auch getrunken werden. Geeignet f\u00fcr Erwachsene und Kleinkinder ab [&hellip;]<\/p>\n","protected":false},"featured_media":0,"template":"","meta":{"_acf_changed":false},"product_brand":[],"product_cat":[805],"product_tag":[],"class_list":{"0":"post-64970","1":"product","2":"type-product","3":"status-publish","5":"product_cat-h","6":"pa_packungsgroesse-12-stueck","8":"first","9":"instock","10":"shipping-taxable","11":"purchasable","12":"product-type-simple"},"acf":[],"_links":{"self":[{"href":"https:\/\/www.ernstbrunn-apotheke.at\/katalog\/wp-json\/wp\/v2\/product\/64970","targetHints":{"allow":["GET"]}}],"collection":[{"href":"https:\/\/www.ernstbrunn-apotheke.at\/katalog\/wp-json\/wp\/v2\/product"}],"about":[{"href":"https:\/\/www.ernstbrunn-apotheke.at\/katalog\/wp-json\/wp\/v2\/types\/product"}],"wp:attachment":[{"href":"https:\/\/www.ernstbrunn-apotheke.at\/katalog\/wp-json\/wp\/v2\/media?parent=64970"}],"wp:term":[{"taxonomy":"product_brand","embeddable":true,"href":"https:\/\/www.ernstbrunn-apotheke.at\/katalog\/wp-json\/wp\/v2\/product_brand?post=64970"},{"taxonomy":"product_cat","embeddable":true,"href":"https:\/\/www.ernstbrunn-apotheke.at\/katalog\/wp-json\/wp\/v2\/product_cat?post=64970"},{"taxonomy":"product_tag","embeddable":true,"href":"https:\/\/www.ernstbrunn-apotheke.at\/katalog\/wp-json\/wp\/v2\/product_tag?post=64970"}],"curies":[{"name":"wp","href":"https:\/\/api.w.org\/{rel}","templated":true}]}}