{"id":64960,"date":"2025-11-11T11:45:56","date_gmt":"2025-11-11T10:45:56","guid":{"rendered":"https:\/\/www.ernstbrunn-apotheke.at\/katalog\/produkt\/arlberger-saunaoel-100-ml\/"},"modified":"2025-12-08T17:44:33","modified_gmt":"2025-12-08T16:44:33","slug":"arlberger-saunaoel-100-ml","status":"publish","type":"product","link":"https:\/\/www.ernstbrunn-apotheke.at\/katalog\/produkt\/arlberger-saunaoel-100-ml\/","title":{"rendered":"Arlberger Sauna\u00f6l 100 ml"},"content":{"rendered":"<p>Wir sind der \u00dcberzeugung, dass die Natur alles bietet, was der Mensch f\u00fcr sein Wohlbefinden braucht &#8211; das Arlberger Sauna\u00f6l enth\u00e4lt deshalb nur reine \u00d6le und Extrakte aus\u00a0Latschenkiefer, Tanne und Eukalyptus.\u00a0&#13;<br \/>\n&#13;<br \/>\n&#13;<br \/>\n&#13;<br \/>\n&#13;<br \/>\nWirkung&#13;<br \/>\n&#13;<br \/>\nAlle drei \u00d6le haben eine wohltuende Wirkung auf die Atemwege und durch den Geruch reinster Natur eine entspannende Wirkung auf Geist und Seele. Diese Kombination macht jeden Saunagang perfekt und einzigartig.<\/p>\n","protected":false},"excerpt":{"rendered":"<p>Wir sind der \u00dcberzeugung, dass die Natur alles bietet, was der Mensch f\u00fcr sein Wohlbefinden braucht &#8211; das Arlberger Sauna\u00f6l enth\u00e4lt deshalb nur reine \u00d6le und Extrakte aus\u00a0Latschenkiefer, Tanne und Eukalyptus.\u00a0&#13; &#13; &#13; &#13; &#13; Wirkung&#13; &#13; Alle drei \u00d6le haben eine wohltuende Wirkung auf die Atemwege und durch den Geruch reinster Natur eine entspannende [&hellip;]<\/p>\n","protected":false},"featured_media":64962,"template":"","meta":{"_acf_changed":false},"product_brand":[],"product_cat":[801],"product_tag":[],"class_list":{"0":"post-64960","1":"product","2":"type-product","3":"status-publish","4":"has-post-thumbnail","6":"product_cat-a","7":"pa_packungsgroesse-100ml","9":"first","10":"instock","11":"shipping-taxable","12":"purchasable","13":"product-type-simple"},"acf":[],"_links":{"self":[{"href":"https:\/\/www.ernstbrunn-apotheke.at\/katalog\/wp-json\/wp\/v2\/product\/64960","targetHints":{"allow":["GET"]}}],"collection":[{"href":"https:\/\/www.ernstbrunn-apotheke.at\/katalog\/wp-json\/wp\/v2\/product"}],"about":[{"href":"https:\/\/www.ernstbrunn-apotheke.at\/katalog\/wp-json\/wp\/v2\/types\/product"}],"wp:featuredmedia":[{"embeddable":true,"href":"https:\/\/www.ernstbrunn-apotheke.at\/katalog\/wp-json\/wp\/v2\/media\/64962"}],"wp:attachment":[{"href":"https:\/\/www.ernstbrunn-apotheke.at\/katalog\/wp-json\/wp\/v2\/media?parent=64960"}],"wp:term":[{"taxonomy":"product_brand","embeddable":true,"href":"https:\/\/www.ernstbrunn-apotheke.at\/katalog\/wp-json\/wp\/v2\/product_brand?post=64960"},{"taxonomy":"product_cat","embeddable":true,"href":"https:\/\/www.ernstbrunn-apotheke.at\/katalog\/wp-json\/wp\/v2\/product_cat?post=64960"},{"taxonomy":"product_tag","embeddable":true,"href":"https:\/\/www.ernstbrunn-apotheke.at\/katalog\/wp-json\/wp\/v2\/product_tag?post=64960"}],"curies":[{"name":"wp","href":"https:\/\/api.w.org\/{rel}","templated":true}]}}