{"id":64916,"date":"2025-11-11T11:44:56","date_gmt":"2025-11-11T10:44:56","guid":{"rendered":"https:\/\/www.ernstbrunn-apotheke.at\/katalog\/produkt\/npd-mct-oel-raffiniert-triglycerid-500-ml\/"},"modified":"2025-12-08T17:44:20","modified_gmt":"2025-12-08T16:44:20","slug":"npd-mct-oel-raffiniert-triglycerid-500-ml","status":"publish","type":"product","link":"https:\/\/www.ernstbrunn-apotheke.at\/katalog\/produkt\/npd-mct-oel-raffiniert-triglycerid-500-ml\/","title":{"rendered":"NPD MCT \u00d6l raffiniert Triglycerid 500 ml"},"content":{"rendered":"<p>NP&#038;D ist ein Produktions- und Handelsbetrieb mit Schwerpunkt Pflanzen\u00f6le und Fette f\u00fcr Nahrung und Kosmetik sowie \u00c4therische \u00d6le. Viele unserer Produkte sind aus kontrolliert biologischen Anbau und zertifiziert durch die Austria Bio Garantie.<\/p>\n","protected":false},"excerpt":{"rendered":"<p>NP&#038;D ist ein Produktions- und Handelsbetrieb mit Schwerpunkt Pflanzen\u00f6le und Fette f\u00fcr Nahrung und Kosmetik sowie \u00c4therische \u00d6le. Viele unserer Produkte sind aus kontrolliert biologischen Anbau und zertifiziert durch die Austria Bio Garantie.<\/p>\n","protected":false},"featured_media":0,"template":"","meta":{"_acf_changed":false},"product_brand":[],"product_cat":[797],"product_tag":[],"class_list":{"0":"post-64916","1":"product","2":"type-product","3":"status-publish","5":"product_cat-n","6":"pa_packungsgroesse-500ml","8":"first","9":"instock","10":"shipping-taxable","11":"purchasable","12":"product-type-simple"},"acf":[],"_links":{"self":[{"href":"https:\/\/www.ernstbrunn-apotheke.at\/katalog\/wp-json\/wp\/v2\/product\/64916","targetHints":{"allow":["GET"]}}],"collection":[{"href":"https:\/\/www.ernstbrunn-apotheke.at\/katalog\/wp-json\/wp\/v2\/product"}],"about":[{"href":"https:\/\/www.ernstbrunn-apotheke.at\/katalog\/wp-json\/wp\/v2\/types\/product"}],"wp:attachment":[{"href":"https:\/\/www.ernstbrunn-apotheke.at\/katalog\/wp-json\/wp\/v2\/media?parent=64916"}],"wp:term":[{"taxonomy":"product_brand","embeddable":true,"href":"https:\/\/www.ernstbrunn-apotheke.at\/katalog\/wp-json\/wp\/v2\/product_brand?post=64916"},{"taxonomy":"product_cat","embeddable":true,"href":"https:\/\/www.ernstbrunn-apotheke.at\/katalog\/wp-json\/wp\/v2\/product_cat?post=64916"},{"taxonomy":"product_tag","embeddable":true,"href":"https:\/\/www.ernstbrunn-apotheke.at\/katalog\/wp-json\/wp\/v2\/product_tag?post=64916"}],"curies":[{"name":"wp","href":"https:\/\/api.w.org\/{rel}","templated":true}]}}